{"id":51,"date":"2020-08-07T10:27:04","date_gmt":"2020-08-07T08:27:04","guid":{"rendered":"https:\/\/nephara.eu\/?page_id=51"},"modified":"2025-02-09T21:56:29","modified_gmt":"2025-02-09T20:56:29","slug":"contact","status":"publish","type":"page","link":"https:\/\/nephara.eu\/index.php\/contact\/","title":{"rendered":"Contact"},"content":{"rendered":"\n<div class=\"wp-block-buttons is-layout-flex wp-block-buttons-is-layout-flex\">\n<div class=\"wp-block-button\"><a class=\"wp-block-button__link wp-element-button\" href=\"https:\/\/www.instagram.com\/euryxis_nephara\">Appuyez Ici<\/a><\/div>\n<\/div>\n","protected":false},"excerpt":{"rendered":"","protected":false},"author":1,"featured_media":0,"parent":0,"menu_order":0,"comment_status":"closed","ping_status":"closed","template":"","meta":{"_acf_changed":false,"footnotes":""},"class_list":["post-51","page","type-page","status-publish","hentry"],"acf":[],"yoast_head":"<!-- This site is optimized with the Yoast SEO plugin v27.3 - https:\/\/yoast.com\/product\/yoast-seo-wordpress\/ -->\n<title>Contact : Nephara<\/title>\n<meta name=\"robots\" content=\"index, follow, max-snippet:-1, max-image-preview:large, max-video-preview:-1\" \/>\n<link rel=\"canonical\" href=\"https:\/\/nephara.eu\/index.php\/contact\/\" \/>\n<meta property=\"og:locale\" content=\"fr_FR\" \/>\n<meta property=\"og:type\" content=\"article\" \/>\n<meta property=\"og:title\" content=\"Contact : Nephara\" \/>\n<meta property=\"og:url\" content=\"https:\/\/nephara.eu\/index.php\/contact\/\" \/>\n<meta property=\"og:site_name\" content=\"Nephara\" \/>\n<meta property=\"article:publisher\" content=\"https:\/\/www.facebook.com\/Nephara\" \/>\n<meta property=\"article:modified_time\" content=\"2025-02-09T20:56:29+00:00\" \/>\n<meta name=\"twitter:card\" content=\"summary_large_image\" \/>\n<meta name=\"twitter:site\" content=\"@JimNephara\" \/>\n<meta name=\"twitter:label1\" content=\"Dur\u00e9e de lecture estim\u00e9e\" \/>\n\t<meta name=\"twitter:data1\" content=\"1 minute\" \/>\n<script type=\"application\/ld+json\" class=\"yoast-schema-graph\">{\"@context\":\"https:\\\/\\\/schema.org\",\"@graph\":[{\"@type\":\"WebPage\",\"@id\":\"https:\\\/\\\/nephara.eu\\\/index.php\\\/contact\\\/\",\"url\":\"https:\\\/\\\/nephara.eu\\\/index.php\\\/contact\\\/\",\"name\":\"Contact : Nephara\",\"isPartOf\":{\"@id\":\"https:\\\/\\\/nephara.eu\\\/#website\"},\"datePublished\":\"2020-08-07T08:27:04+00:00\",\"dateModified\":\"2025-02-09T20:56:29+00:00\",\"breadcrumb\":{\"@id\":\"https:\\\/\\\/nephara.eu\\\/index.php\\\/contact\\\/#breadcrumb\"},\"inLanguage\":\"fr-FR\",\"potentialAction\":[{\"@type\":\"ReadAction\",\"target\":[\"https:\\\/\\\/nephara.eu\\\/index.php\\\/contact\\\/\"]}]},{\"@type\":\"BreadcrumbList\",\"@id\":\"https:\\\/\\\/nephara.eu\\\/index.php\\\/contact\\\/#breadcrumb\",\"itemListElement\":[{\"@type\":\"ListItem\",\"position\":1,\"name\":\"Accueil\",\"item\":\"https:\\\/\\\/nephara.eu\\\/\"},{\"@type\":\"ListItem\",\"position\":2,\"name\":\"Contact\"}]},{\"@type\":\"WebSite\",\"@id\":\"https:\\\/\\\/nephara.eu\\\/#website\",\"url\":\"https:\\\/\\\/nephara.eu\\\/\",\"name\":\"Nephara\",\"description\":\"Fouttoir Artistique de Nephara\",\"publisher\":{\"@id\":\"https:\\\/\\\/nephara.eu\\\/#\\\/schema\\\/person\\\/5c4c12ea00371a362408b6ed940ee17e\"},\"potentialAction\":[{\"@type\":\"SearchAction\",\"target\":{\"@type\":\"EntryPoint\",\"urlTemplate\":\"https:\\\/\\\/nephara.eu\\\/?s={search_term_string}\"},\"query-input\":{\"@type\":\"PropertyValueSpecification\",\"valueRequired\":true,\"valueName\":\"search_term_string\"}}],\"inLanguage\":\"fr-FR\"},{\"@type\":[\"Person\",\"Organization\"],\"@id\":\"https:\\\/\\\/nephara.eu\\\/#\\\/schema\\\/person\\\/5c4c12ea00371a362408b6ed940ee17e\",\"name\":\"Nephara\",\"image\":{\"@type\":\"ImageObject\",\"inLanguage\":\"fr-FR\",\"@id\":\"https:\\\/\\\/secure.gravatar.com\\\/avatar\\\/46742ec76535e9d3e8a4dcfd763c990dae9d948a17250612016d7593fd83cbee?s=96&d=mm&r=g\",\"url\":\"https:\\\/\\\/secure.gravatar.com\\\/avatar\\\/46742ec76535e9d3e8a4dcfd763c990dae9d948a17250612016d7593fd83cbee?s=96&d=mm&r=g\",\"contentUrl\":\"https:\\\/\\\/secure.gravatar.com\\\/avatar\\\/46742ec76535e9d3e8a4dcfd763c990dae9d948a17250612016d7593fd83cbee?s=96&d=mm&r=g\",\"caption\":\"Nephara\"},\"logo\":{\"@id\":\"https:\\\/\\\/secure.gravatar.com\\\/avatar\\\/46742ec76535e9d3e8a4dcfd763c990dae9d948a17250612016d7593fd83cbee?s=96&d=mm&r=g\"},\"description\":\"Dessinateur de BD , Illustrateur , Mangaka , Webmaster n\u00e9 en 1976 en Belgique. Crayonneur du dimanche, Illustrateur en Quart-Temps, Peintre de nuit, Sculpteur de... euh bah \u00e7a faudrait que je mis remette. Papa \u00e0 plein temps et artiste les heures qu'il me reste.\",\"sameAs\":[\"https:\\\/\\\/nephara.eu\",\"https:\\\/\\\/www.facebook.com\\\/Nephara\",\"https:\\\/\\\/www.instagram.com\\\/nephara\\\/\",\"https:\\\/\\\/x.com\\\/JimNephara\",\"https:\\\/\\\/myspace.com\\\/euryxis\"]}]}<\/script>\n<!-- \/ Yoast SEO plugin. -->","yoast_head_json":{"title":"Contact : Nephara","robots":{"index":"index","follow":"follow","max-snippet":"max-snippet:-1","max-image-preview":"max-image-preview:large","max-video-preview":"max-video-preview:-1"},"canonical":"https:\/\/nephara.eu\/index.php\/contact\/","og_locale":"fr_FR","og_type":"article","og_title":"Contact : Nephara","og_url":"https:\/\/nephara.eu\/index.php\/contact\/","og_site_name":"Nephara","article_publisher":"https:\/\/www.facebook.com\/Nephara","article_modified_time":"2025-02-09T20:56:29+00:00","twitter_card":"summary_large_image","twitter_site":"@JimNephara","twitter_misc":{"Dur\u00e9e de lecture estim\u00e9e":"1 minute"},"schema":{"@context":"https:\/\/schema.org","@graph":[{"@type":"WebPage","@id":"https:\/\/nephara.eu\/index.php\/contact\/","url":"https:\/\/nephara.eu\/index.php\/contact\/","name":"Contact : Nephara","isPartOf":{"@id":"https:\/\/nephara.eu\/#website"},"datePublished":"2020-08-07T08:27:04+00:00","dateModified":"2025-02-09T20:56:29+00:00","breadcrumb":{"@id":"https:\/\/nephara.eu\/index.php\/contact\/#breadcrumb"},"inLanguage":"fr-FR","potentialAction":[{"@type":"ReadAction","target":["https:\/\/nephara.eu\/index.php\/contact\/"]}]},{"@type":"BreadcrumbList","@id":"https:\/\/nephara.eu\/index.php\/contact\/#breadcrumb","itemListElement":[{"@type":"ListItem","position":1,"name":"Accueil","item":"https:\/\/nephara.eu\/"},{"@type":"ListItem","position":2,"name":"Contact"}]},{"@type":"WebSite","@id":"https:\/\/nephara.eu\/#website","url":"https:\/\/nephara.eu\/","name":"Nephara","description":"Fouttoir Artistique de Nephara","publisher":{"@id":"https:\/\/nephara.eu\/#\/schema\/person\/5c4c12ea00371a362408b6ed940ee17e"},"potentialAction":[{"@type":"SearchAction","target":{"@type":"EntryPoint","urlTemplate":"https:\/\/nephara.eu\/?s={search_term_string}"},"query-input":{"@type":"PropertyValueSpecification","valueRequired":true,"valueName":"search_term_string"}}],"inLanguage":"fr-FR"},{"@type":["Person","Organization"],"@id":"https:\/\/nephara.eu\/#\/schema\/person\/5c4c12ea00371a362408b6ed940ee17e","name":"Nephara","image":{"@type":"ImageObject","inLanguage":"fr-FR","@id":"https:\/\/secure.gravatar.com\/avatar\/46742ec76535e9d3e8a4dcfd763c990dae9d948a17250612016d7593fd83cbee?s=96&d=mm&r=g","url":"https:\/\/secure.gravatar.com\/avatar\/46742ec76535e9d3e8a4dcfd763c990dae9d948a17250612016d7593fd83cbee?s=96&d=mm&r=g","contentUrl":"https:\/\/secure.gravatar.com\/avatar\/46742ec76535e9d3e8a4dcfd763c990dae9d948a17250612016d7593fd83cbee?s=96&d=mm&r=g","caption":"Nephara"},"logo":{"@id":"https:\/\/secure.gravatar.com\/avatar\/46742ec76535e9d3e8a4dcfd763c990dae9d948a17250612016d7593fd83cbee?s=96&d=mm&r=g"},"description":"Dessinateur de BD , Illustrateur , Mangaka , Webmaster n\u00e9 en 1976 en Belgique. Crayonneur du dimanche, Illustrateur en Quart-Temps, Peintre de nuit, Sculpteur de... euh bah \u00e7a faudrait que je mis remette. Papa \u00e0 plein temps et artiste les heures qu'il me reste.","sameAs":["https:\/\/nephara.eu","https:\/\/www.facebook.com\/Nephara","https:\/\/www.instagram.com\/nephara\/","https:\/\/x.com\/JimNephara","https:\/\/myspace.com\/euryxis"]}]}},"_links":{"self":[{"href":"https:\/\/nephara.eu\/index.php\/wp-json\/wp\/v2\/pages\/51","targetHints":{"allow":["GET"]}}],"collection":[{"href":"https:\/\/nephara.eu\/index.php\/wp-json\/wp\/v2\/pages"}],"about":[{"href":"https:\/\/nephara.eu\/index.php\/wp-json\/wp\/v2\/types\/page"}],"author":[{"embeddable":true,"href":"https:\/\/nephara.eu\/index.php\/wp-json\/wp\/v2\/users\/1"}],"replies":[{"embeddable":true,"href":"https:\/\/nephara.eu\/index.php\/wp-json\/wp\/v2\/comments?post=51"}],"version-history":[{"count":11,"href":"https:\/\/nephara.eu\/index.php\/wp-json\/wp\/v2\/pages\/51\/revisions"}],"predecessor-version":[{"id":414,"href":"https:\/\/nephara.eu\/index.php\/wp-json\/wp\/v2\/pages\/51\/revisions\/414"}],"wp:attachment":[{"href":"https:\/\/nephara.eu\/index.php\/wp-json\/wp\/v2\/media?parent=51"}],"curies":[{"name":"wp","href":"https:\/\/api.w.org\/{rel}","templated":true}]}}