{"id":50,"date":"2020-08-07T10:27:04","date_gmt":"2020-08-07T08:27:04","guid":{"rendered":"https:\/\/nephara.eu\/?page_id=50"},"modified":"2024-03-24T21:29:55","modified_gmt":"2024-03-24T20:29:55","slug":"nephara","status":"publish","type":"page","link":"https:\/\/nephara.eu\/index.php\/nephara\/","title":{"rendered":"Nephara"},"content":{"rendered":"\n<ul class=\"wp-block-list\">\n<li>Dessinateur de BD , Illustrateur , Mangaka , Webmaster<\/li>\n<\/ul>\n\n\n\n<figure class=\"wp-block-image aligncenter size-large is-resized\"><img fetchpriority=\"high\" decoding=\"async\" width=\"1024\" height=\"768\" src=\"https:\/\/nephara.eu\/wp-content\/uploads\/2024\/03\/20240316_115939-1024x768.jpg\" alt=\"\" class=\"wp-image-378\" style=\"width:217px;height:217px\" srcset=\"https:\/\/nephara.eu\/wp-content\/uploads\/2024\/03\/20240316_115939-1024x768.jpg 1024w, https:\/\/nephara.eu\/wp-content\/uploads\/2024\/03\/20240316_115939-300x225.jpg 300w, https:\/\/nephara.eu\/wp-content\/uploads\/2024\/03\/20240316_115939-768x576.jpg 768w, https:\/\/nephara.eu\/wp-content\/uploads\/2024\/03\/20240316_115939-1536x1152.jpg 1536w, https:\/\/nephara.eu\/wp-content\/uploads\/2024\/03\/20240316_115939-2048x1536.jpg 2048w\" sizes=\"(max-width: 1024px) 100vw, 1024px\" \/><figcaption class=\"wp-element-caption\">Jim Nephara 2024<\/figcaption><\/figure>\n\n\n\n<p><strong>Biographie : <\/strong><\/p>\n\n\n\n<p>jim N\u00e9phara<\/p>\n\n\n\n<p>Dessinateur de BD, Illustrateur, Mangaka, Webmaster<\/p>\n\n\n\n<p>Biographie : N\u00e9 en 1976, en Belgique, je ne me rappelle pas un souvenir de moi sans un crayon \u00e0 la main. Depuis ma tendre enfance, j&rsquo;ai \u00e9t\u00e9 attir\u00e9 par les B.D. franco-belges, les Spidey, les Strange de Marvel et autres comics DC. Et surtout pour le monde du manga qui commen\u00e7ait \u00e0 s&rsquo;importer via les animations japonaises en France gr\u00e2ce aux \u00e9missions pour enfants. Je dessinais pour les copains de la cour de r\u00e9cr\u00e9.<\/p>\n\n\n\n<p>Il fallait que cela arrive, j&rsquo;ai fini aux beaux-arts \u00e0 \u00e9tudier la peinture, les volumes, la bd et le dessin (ainsi qu\u2019un peu de photo).<br>Durant les ann\u00e9es 90 je faisais des portraits d&rsquo;artistes de rock et les faisaient discuter en bd dans certains Fanzine Li\u00e9geois.<br><br>De 2000 \u00e0 2006 quelques expos de peintures solo ou de groupe et du travail pour plusieurs soci\u00e9t\u00e9s en tant qu&rsquo;infographiste.<\/p>\n\n\n\n<p>En 2006, j&rsquo;ai atterri en France, et j&rsquo;ai boss\u00e9 dans le webdesign et l&rsquo;infographie de 2007 \u00e0 2010.<br><br>2011 \u00e0 2014, Cr\u00e9ation de plusieurs \u0153uvres.<\/p>\n\n\n\n<p>2014, premi\u00e8re exposition en France au Rock t\u2019en Bulles de Gondecourt, organis\u00e9 par l\u2019asso Rock t\u2019en bulles. Je suis d\u2019ailleurs depuis Administrateur du site rocktenbulles.fr et graphiste de ladite association.<\/p>\n\n\n\n<p>2015, Expo \u00e0 la M\u00e9diath\u00e8que de Gondecourt.<br>&nbsp;&nbsp;&nbsp;&nbsp;&nbsp;&nbsp;&nbsp;&nbsp;&nbsp;&nbsp;&nbsp; Expo au Rock t\u2019en Bulles.&nbsp;<\/p>\n\n\n\n<p>2016, sortie de mon premier Artbook \u201cThe first\u201d, avec la total des travaux des deux ans auparavant.<br>&nbsp;&nbsp;&nbsp;&nbsp;&nbsp;&nbsp;&nbsp;&nbsp;&nbsp;&nbsp;&nbsp; Expo au Rock t\u2019en Bulles.<\/p>\n\n\n\n<p>2017, Expo au Rock t\u2019en Bulles<br>&nbsp;&nbsp;&nbsp;&nbsp;&nbsp;&nbsp;&nbsp;&nbsp;&nbsp;&nbsp;&nbsp; D\u00e9marrage d\u2019une B.D. (Projet avort\u00e9).<\/p>\n\n\n\n<p>2018, Expo au Rock t\u2019en Bulles.<\/p>\n\n\n\n<p>2019, Sortie de mon deuxi\u00e8me Artbook \u201cthe second\u201d avec les travaux des &nbsp;trois ann\u00e9es pr\u00e9c\u00e9dentes.<br>&nbsp;&nbsp;&nbsp;&nbsp;&nbsp;&nbsp;&nbsp;&nbsp;&nbsp;&nbsp;&nbsp; Expo au Rock t\u2019en Bulles.<br>&nbsp;&nbsp;&nbsp;&nbsp;&nbsp;&nbsp;&nbsp;&nbsp;&nbsp;&nbsp;&nbsp; Cr\u00e9ation avec d\u2019autres artistes de Graphicoop. Asso pour apprendre \u00e0 dessiner aux enfants et aux adolescents.<br>&nbsp;&nbsp;&nbsp;&nbsp;&nbsp;&nbsp;&nbsp;&nbsp;&nbsp;&nbsp;&nbsp; Cr\u00e9ation de plusieurs m\u00e9thodes pour dessiner des mangas facilement.<\/p>\n\n\n\n<p><strong>2020, Tout s\u2019arr\u00eate&nbsp;!<\/strong><br>&nbsp;&nbsp;&nbsp;&nbsp;&nbsp;&nbsp;&nbsp;&nbsp;&nbsp;&nbsp;&nbsp; Le projet Twitch est en r\u00e9flexion<\/p>\n\n\n\n<p>Apr\u00e8s la longue pand\u00e9mie\u2026<\/p>\n\n\n\n<p>2021, Expo au Rock t\u2019en Bulles.<br>&nbsp;&nbsp;&nbsp;&nbsp;&nbsp;&nbsp;&nbsp;&nbsp;&nbsp;&nbsp;&nbsp; Expo au Salon de la BD de Jeumont (1ere \u00e9dition).<\/p>\n\n\n\n<p>2022, Expo au Rock t\u2019en Bulles.<br>\u00a0\u00a0\u00a0\u00a0\u00a0\u00a0\u00a0\u00a0\u00a0\u00a0\u00a0 Expo au Salon de la BD de Jeumont (2eme \u00e9dition).<br>\u00a0\u00a0\u00a0\u00a0\u00a0\u00a0\u00a0\u00a0\u00a0\u00a0\u00a0 Premier Stream sur Twitch (Pseudo Euryxis).<\/p>\n\n\n\n<p>2023, Expo au Rock t\u2019en Bulles.<br>            Baisse de r\u00e9gime dans les dessins mais \u00e7a repart !<\/p>\n\n\n\n<p>2024, Expo au Rock t\u2019en Bulles.<br>            We&rsquo;ll See &#8230;<br><br>Je consacre beaucoup de temps \u00e0 ma famille. Je dessine et je surfe sur la Pop Culture avec les copains.<\/p>\n","protected":false},"excerpt":{"rendered":"<p>Biographie : jim N\u00e9phara Dessinateur de BD, Illustrateur, Mangaka, Webmaster Biographie : N\u00e9 en 1976, en Belgique, je ne me rappelle pas un souvenir de moi sans un crayon \u00e0 la main. Depuis ma tendre enfance, j&rsquo;ai \u00e9t\u00e9 attir\u00e9 par<\/p>\n","protected":false},"author":1,"featured_media":0,"parent":0,"menu_order":0,"comment_status":"closed","ping_status":"closed","template":"","meta":{"_acf_changed":false,"footnotes":""},"class_list":["post-50","page","type-page","status-publish","hentry"],"acf":[],"yoast_head":"<!-- This site is optimized with the Yoast SEO plugin v27.3 - https:\/\/yoast.com\/product\/yoast-seo-wordpress\/ -->\n<title>Nephara : Nephara<\/title>\n<meta name=\"robots\" content=\"index, follow, max-snippet:-1, max-image-preview:large, max-video-preview:-1\" \/>\n<link rel=\"canonical\" href=\"https:\/\/nephara.eu\/index.php\/nephara\/\" \/>\n<meta property=\"og:locale\" content=\"fr_FR\" \/>\n<meta property=\"og:type\" content=\"article\" \/>\n<meta property=\"og:title\" content=\"Nephara : Nephara\" \/>\n<meta property=\"og:description\" content=\"Biographie : jim N\u00e9phara Dessinateur de BD, Illustrateur, Mangaka, Webmaster Biographie : N\u00e9 en 1976, en Belgique, je ne me rappelle pas un souvenir de moi sans un crayon \u00e0 la main. Depuis ma tendre enfance, j&rsquo;ai \u00e9t\u00e9 attir\u00e9 par\" \/>\n<meta property=\"og:url\" content=\"https:\/\/nephara.eu\/index.php\/nephara\/\" \/>\n<meta property=\"og:site_name\" content=\"Nephara\" \/>\n<meta property=\"article:publisher\" content=\"https:\/\/www.facebook.com\/Nephara\" \/>\n<meta property=\"article:modified_time\" content=\"2024-03-24T20:29:55+00:00\" \/>\n<meta property=\"og:image\" content=\"https:\/\/nephara.eu\/wp-content\/uploads\/2024\/03\/20240316_115939-1024x768.jpg\" \/>\n<meta name=\"twitter:card\" content=\"summary_large_image\" \/>\n<meta name=\"twitter:site\" content=\"@JimNephara\" \/>\n<meta name=\"twitter:label1\" content=\"Dur\u00e9e de lecture estim\u00e9e\" \/>\n\t<meta name=\"twitter:data1\" content=\"3 minutes\" \/>\n<script type=\"application\/ld+json\" class=\"yoast-schema-graph\">{\"@context\":\"https:\\\/\\\/schema.org\",\"@graph\":[{\"@type\":\"WebPage\",\"@id\":\"https:\\\/\\\/nephara.eu\\\/index.php\\\/nephara\\\/\",\"url\":\"https:\\\/\\\/nephara.eu\\\/index.php\\\/nephara\\\/\",\"name\":\"Nephara : Nephara\",\"isPartOf\":{\"@id\":\"https:\\\/\\\/nephara.eu\\\/#website\"},\"primaryImageOfPage\":{\"@id\":\"https:\\\/\\\/nephara.eu\\\/index.php\\\/nephara\\\/#primaryimage\"},\"image\":{\"@id\":\"https:\\\/\\\/nephara.eu\\\/index.php\\\/nephara\\\/#primaryimage\"},\"thumbnailUrl\":\"https:\\\/\\\/nephara.eu\\\/wp-content\\\/uploads\\\/2024\\\/03\\\/20240316_115939-1024x768.jpg\",\"datePublished\":\"2020-08-07T08:27:04+00:00\",\"dateModified\":\"2024-03-24T20:29:55+00:00\",\"breadcrumb\":{\"@id\":\"https:\\\/\\\/nephara.eu\\\/index.php\\\/nephara\\\/#breadcrumb\"},\"inLanguage\":\"fr-FR\",\"potentialAction\":[{\"@type\":\"ReadAction\",\"target\":[\"https:\\\/\\\/nephara.eu\\\/index.php\\\/nephara\\\/\"]}]},{\"@type\":\"ImageObject\",\"inLanguage\":\"fr-FR\",\"@id\":\"https:\\\/\\\/nephara.eu\\\/index.php\\\/nephara\\\/#primaryimage\",\"url\":\"https:\\\/\\\/nephara.eu\\\/wp-content\\\/uploads\\\/2024\\\/03\\\/20240316_115939-scaled.jpg\",\"contentUrl\":\"https:\\\/\\\/nephara.eu\\\/wp-content\\\/uploads\\\/2024\\\/03\\\/20240316_115939-scaled.jpg\",\"width\":2560,\"height\":1920},{\"@type\":\"BreadcrumbList\",\"@id\":\"https:\\\/\\\/nephara.eu\\\/index.php\\\/nephara\\\/#breadcrumb\",\"itemListElement\":[{\"@type\":\"ListItem\",\"position\":1,\"name\":\"Accueil\",\"item\":\"https:\\\/\\\/nephara.eu\\\/\"},{\"@type\":\"ListItem\",\"position\":2,\"name\":\"Nephara\"}]},{\"@type\":\"WebSite\",\"@id\":\"https:\\\/\\\/nephara.eu\\\/#website\",\"url\":\"https:\\\/\\\/nephara.eu\\\/\",\"name\":\"Nephara\",\"description\":\"Fouttoir Artistique de Nephara\",\"publisher\":{\"@id\":\"https:\\\/\\\/nephara.eu\\\/#\\\/schema\\\/person\\\/5c4c12ea00371a362408b6ed940ee17e\"},\"potentialAction\":[{\"@type\":\"SearchAction\",\"target\":{\"@type\":\"EntryPoint\",\"urlTemplate\":\"https:\\\/\\\/nephara.eu\\\/?s={search_term_string}\"},\"query-input\":{\"@type\":\"PropertyValueSpecification\",\"valueRequired\":true,\"valueName\":\"search_term_string\"}}],\"inLanguage\":\"fr-FR\"},{\"@type\":[\"Person\",\"Organization\"],\"@id\":\"https:\\\/\\\/nephara.eu\\\/#\\\/schema\\\/person\\\/5c4c12ea00371a362408b6ed940ee17e\",\"name\":\"Nephara\",\"image\":{\"@type\":\"ImageObject\",\"inLanguage\":\"fr-FR\",\"@id\":\"https:\\\/\\\/secure.gravatar.com\\\/avatar\\\/46742ec76535e9d3e8a4dcfd763c990dae9d948a17250612016d7593fd83cbee?s=96&d=mm&r=g\",\"url\":\"https:\\\/\\\/secure.gravatar.com\\\/avatar\\\/46742ec76535e9d3e8a4dcfd763c990dae9d948a17250612016d7593fd83cbee?s=96&d=mm&r=g\",\"contentUrl\":\"https:\\\/\\\/secure.gravatar.com\\\/avatar\\\/46742ec76535e9d3e8a4dcfd763c990dae9d948a17250612016d7593fd83cbee?s=96&d=mm&r=g\",\"caption\":\"Nephara\"},\"logo\":{\"@id\":\"https:\\\/\\\/secure.gravatar.com\\\/avatar\\\/46742ec76535e9d3e8a4dcfd763c990dae9d948a17250612016d7593fd83cbee?s=96&d=mm&r=g\"},\"description\":\"Dessinateur de BD , Illustrateur , Mangaka , Webmaster n\u00e9 en 1976 en Belgique. Crayonneur du dimanche, Illustrateur en Quart-Temps, Peintre de nuit, Sculpteur de... euh bah \u00e7a faudrait que je mis remette. Papa \u00e0 plein temps et artiste les heures qu'il me reste.\",\"sameAs\":[\"https:\\\/\\\/nephara.eu\",\"https:\\\/\\\/www.facebook.com\\\/Nephara\",\"https:\\\/\\\/www.instagram.com\\\/nephara\\\/\",\"https:\\\/\\\/x.com\\\/JimNephara\",\"https:\\\/\\\/myspace.com\\\/euryxis\"]}]}<\/script>\n<!-- \/ Yoast SEO plugin. -->","yoast_head_json":{"title":"Nephara : Nephara","robots":{"index":"index","follow":"follow","max-snippet":"max-snippet:-1","max-image-preview":"max-image-preview:large","max-video-preview":"max-video-preview:-1"},"canonical":"https:\/\/nephara.eu\/index.php\/nephara\/","og_locale":"fr_FR","og_type":"article","og_title":"Nephara : Nephara","og_description":"Biographie : jim N\u00e9phara Dessinateur de BD, Illustrateur, Mangaka, Webmaster Biographie : N\u00e9 en 1976, en Belgique, je ne me rappelle pas un souvenir de moi sans un crayon \u00e0 la main. Depuis ma tendre enfance, j&rsquo;ai \u00e9t\u00e9 attir\u00e9 par","og_url":"https:\/\/nephara.eu\/index.php\/nephara\/","og_site_name":"Nephara","article_publisher":"https:\/\/www.facebook.com\/Nephara","article_modified_time":"2024-03-24T20:29:55+00:00","og_image":[{"url":"https:\/\/nephara.eu\/wp-content\/uploads\/2024\/03\/20240316_115939-1024x768.jpg","type":"","width":"","height":""}],"twitter_card":"summary_large_image","twitter_site":"@JimNephara","twitter_misc":{"Dur\u00e9e de lecture estim\u00e9e":"3 minutes"},"schema":{"@context":"https:\/\/schema.org","@graph":[{"@type":"WebPage","@id":"https:\/\/nephara.eu\/index.php\/nephara\/","url":"https:\/\/nephara.eu\/index.php\/nephara\/","name":"Nephara : Nephara","isPartOf":{"@id":"https:\/\/nephara.eu\/#website"},"primaryImageOfPage":{"@id":"https:\/\/nephara.eu\/index.php\/nephara\/#primaryimage"},"image":{"@id":"https:\/\/nephara.eu\/index.php\/nephara\/#primaryimage"},"thumbnailUrl":"https:\/\/nephara.eu\/wp-content\/uploads\/2024\/03\/20240316_115939-1024x768.jpg","datePublished":"2020-08-07T08:27:04+00:00","dateModified":"2024-03-24T20:29:55+00:00","breadcrumb":{"@id":"https:\/\/nephara.eu\/index.php\/nephara\/#breadcrumb"},"inLanguage":"fr-FR","potentialAction":[{"@type":"ReadAction","target":["https:\/\/nephara.eu\/index.php\/nephara\/"]}]},{"@type":"ImageObject","inLanguage":"fr-FR","@id":"https:\/\/nephara.eu\/index.php\/nephara\/#primaryimage","url":"https:\/\/nephara.eu\/wp-content\/uploads\/2024\/03\/20240316_115939-scaled.jpg","contentUrl":"https:\/\/nephara.eu\/wp-content\/uploads\/2024\/03\/20240316_115939-scaled.jpg","width":2560,"height":1920},{"@type":"BreadcrumbList","@id":"https:\/\/nephara.eu\/index.php\/nephara\/#breadcrumb","itemListElement":[{"@type":"ListItem","position":1,"name":"Accueil","item":"https:\/\/nephara.eu\/"},{"@type":"ListItem","position":2,"name":"Nephara"}]},{"@type":"WebSite","@id":"https:\/\/nephara.eu\/#website","url":"https:\/\/nephara.eu\/","name":"Nephara","description":"Fouttoir Artistique de Nephara","publisher":{"@id":"https:\/\/nephara.eu\/#\/schema\/person\/5c4c12ea00371a362408b6ed940ee17e"},"potentialAction":[{"@type":"SearchAction","target":{"@type":"EntryPoint","urlTemplate":"https:\/\/nephara.eu\/?s={search_term_string}"},"query-input":{"@type":"PropertyValueSpecification","valueRequired":true,"valueName":"search_term_string"}}],"inLanguage":"fr-FR"},{"@type":["Person","Organization"],"@id":"https:\/\/nephara.eu\/#\/schema\/person\/5c4c12ea00371a362408b6ed940ee17e","name":"Nephara","image":{"@type":"ImageObject","inLanguage":"fr-FR","@id":"https:\/\/secure.gravatar.com\/avatar\/46742ec76535e9d3e8a4dcfd763c990dae9d948a17250612016d7593fd83cbee?s=96&d=mm&r=g","url":"https:\/\/secure.gravatar.com\/avatar\/46742ec76535e9d3e8a4dcfd763c990dae9d948a17250612016d7593fd83cbee?s=96&d=mm&r=g","contentUrl":"https:\/\/secure.gravatar.com\/avatar\/46742ec76535e9d3e8a4dcfd763c990dae9d948a17250612016d7593fd83cbee?s=96&d=mm&r=g","caption":"Nephara"},"logo":{"@id":"https:\/\/secure.gravatar.com\/avatar\/46742ec76535e9d3e8a4dcfd763c990dae9d948a17250612016d7593fd83cbee?s=96&d=mm&r=g"},"description":"Dessinateur de BD , Illustrateur , Mangaka , Webmaster n\u00e9 en 1976 en Belgique. Crayonneur du dimanche, Illustrateur en Quart-Temps, Peintre de nuit, Sculpteur de... euh bah \u00e7a faudrait que je mis remette. Papa \u00e0 plein temps et artiste les heures qu'il me reste.","sameAs":["https:\/\/nephara.eu","https:\/\/www.facebook.com\/Nephara","https:\/\/www.instagram.com\/nephara\/","https:\/\/x.com\/JimNephara","https:\/\/myspace.com\/euryxis"]}]}},"_links":{"self":[{"href":"https:\/\/nephara.eu\/index.php\/wp-json\/wp\/v2\/pages\/50","targetHints":{"allow":["GET"]}}],"collection":[{"href":"https:\/\/nephara.eu\/index.php\/wp-json\/wp\/v2\/pages"}],"about":[{"href":"https:\/\/nephara.eu\/index.php\/wp-json\/wp\/v2\/types\/page"}],"author":[{"embeddable":true,"href":"https:\/\/nephara.eu\/index.php\/wp-json\/wp\/v2\/users\/1"}],"replies":[{"embeddable":true,"href":"https:\/\/nephara.eu\/index.php\/wp-json\/wp\/v2\/comments?post=50"}],"version-history":[{"count":6,"href":"https:\/\/nephara.eu\/index.php\/wp-json\/wp\/v2\/pages\/50\/revisions"}],"predecessor-version":[{"id":380,"href":"https:\/\/nephara.eu\/index.php\/wp-json\/wp\/v2\/pages\/50\/revisions\/380"}],"wp:attachment":[{"href":"https:\/\/nephara.eu\/index.php\/wp-json\/wp\/v2\/media?parent=50"}],"curies":[{"name":"wp","href":"https:\/\/api.w.org\/{rel}","templated":true}]}}