{"id":48,"date":"2020-08-07T10:27:04","date_gmt":"2020-08-07T08:27:04","guid":{"rendered":"https:\/\/nephara.eu\/?page_id=48"},"modified":"2025-11-13T11:10:57","modified_gmt":"2025-11-13T10:10:57","slug":"galerie","status":"publish","type":"page","link":"https:\/\/nephara.eu\/index.php\/galerie\/","title":{"rendered":"Affiches des salons"},"content":{"rendered":"\n<p>Salons<\/p>\n\n\n\n<figure class=\"wp-block-gallery has-nested-images columns-default is-cropped wp-block-gallery-1 is-layout-flex wp-block-gallery-is-layout-flex\">\n<figure class=\"wp-block-image size-large\"><img fetchpriority=\"high\" decoding=\"async\" width=\"500\" height=\"708\" data-id=\"279\" src=\"https:\/\/nephara.eu\/wp-content\/uploads\/2022\/04\/8.jpg\" alt=\"\" class=\"wp-image-279\" srcset=\"https:\/\/nephara.eu\/wp-content\/uploads\/2022\/04\/8.jpg 500w, https:\/\/nephara.eu\/wp-content\/uploads\/2022\/04\/8-212x300.jpg 212w\" sizes=\"(max-width: 500px) 100vw, 500px\" \/><figcaption class=\"wp-element-caption\">Rock t&rsquo;en Bulles 2014<\/figcaption><\/figure>\n\n\n\n<figure class=\"wp-block-image size-large\"><img decoding=\"async\" width=\"682\" height=\"984\" data-id=\"245\" src=\"https:\/\/nephara.eu\/wp-content\/uploads\/2021\/12\/9.jpg\" alt=\"\" class=\"wp-image-245\" srcset=\"https:\/\/nephara.eu\/wp-content\/uploads\/2021\/12\/9.jpg 682w, https:\/\/nephara.eu\/wp-content\/uploads\/2021\/12\/9-208x300.jpg 208w\" sizes=\"(max-width: 682px) 100vw, 682px\" \/><figcaption class=\"wp-element-caption\">Rock t&rsquo;en Bulles 2015<\/figcaption><\/figure>\n\n\n\n<figure class=\"wp-block-image size-large\"><img decoding=\"async\" width=\"575\" height=\"813\" data-id=\"282\" src=\"https:\/\/nephara.eu\/wp-content\/uploads\/2022\/04\/10.jpg\" alt=\"\" class=\"wp-image-282\" srcset=\"https:\/\/nephara.eu\/wp-content\/uploads\/2022\/04\/10.jpg 575w, https:\/\/nephara.eu\/wp-content\/uploads\/2022\/04\/10-212x300.jpg 212w\" sizes=\"(max-width: 575px) 100vw, 575px\" \/><figcaption class=\"wp-element-caption\">Rock t&rsquo;en Bulles 2016<\/figcaption><\/figure>\n\n\n\n<figure class=\"wp-block-image size-large\"><img loading=\"lazy\" decoding=\"async\" width=\"607\" height=\"859\" data-id=\"286\" src=\"https:\/\/nephara.eu\/wp-content\/uploads\/2022\/04\/11.jpg\" alt=\"\" class=\"wp-image-286\" srcset=\"https:\/\/nephara.eu\/wp-content\/uploads\/2022\/04\/11.jpg 607w, https:\/\/nephara.eu\/wp-content\/uploads\/2022\/04\/11-212x300.jpg 212w\" sizes=\"(max-width: 607px) 100vw, 607px\" \/><figcaption class=\"wp-element-caption\">Rock t&rsquo;en Bulles 2017<\/figcaption><\/figure>\n\n\n\n<figure class=\"wp-block-image size-large\"><img loading=\"lazy\" decoding=\"async\" width=\"679\" height=\"960\" data-id=\"289\" src=\"https:\/\/nephara.eu\/wp-content\/uploads\/2022\/04\/12.jpg\" alt=\"\" class=\"wp-image-289\" srcset=\"https:\/\/nephara.eu\/wp-content\/uploads\/2022\/04\/12.jpg 679w, https:\/\/nephara.eu\/wp-content\/uploads\/2022\/04\/12-212x300.jpg 212w\" sizes=\"(max-width: 679px) 100vw, 679px\" \/><figcaption class=\"wp-element-caption\">Rock t&rsquo;en Bulles 2018<\/figcaption><\/figure>\n\n\n\n<figure class=\"wp-block-image size-large\"><img loading=\"lazy\" decoding=\"async\" width=\"342\" height=\"475\" data-id=\"292\" src=\"https:\/\/nephara.eu\/wp-content\/uploads\/2022\/04\/13.jpg\" alt=\"\" class=\"wp-image-292\" srcset=\"https:\/\/nephara.eu\/wp-content\/uploads\/2022\/04\/13.jpg 342w, https:\/\/nephara.eu\/wp-content\/uploads\/2022\/04\/13-216x300.jpg 216w\" sizes=\"(max-width: 342px) 100vw, 342px\" \/><figcaption class=\"wp-element-caption\">Rock t&rsquo;en Bulles 2019<\/figcaption><\/figure>\n<\/figure>\n\n\n\n<figure class=\"wp-block-gallery has-nested-images columns-default is-cropped wp-block-gallery-2 is-layout-flex wp-block-gallery-is-layout-flex\">\n<figure class=\"wp-block-image size-large\"><img loading=\"lazy\" decoding=\"async\" width=\"831\" height=\"1170\" data-id=\"235\" src=\"https:\/\/nephara.eu\/wp-content\/uploads\/2021\/12\/RTB_Affiche_WEB_2020.jpg\" alt=\"\" class=\"wp-image-235\" srcset=\"https:\/\/nephara.eu\/wp-content\/uploads\/2021\/12\/RTB_Affiche_WEB_2020.jpg 831w, https:\/\/nephara.eu\/wp-content\/uploads\/2021\/12\/RTB_Affiche_WEB_2020-213x300.jpg 213w, https:\/\/nephara.eu\/wp-content\/uploads\/2021\/12\/RTB_Affiche_WEB_2020-727x1024.jpg 727w, https:\/\/nephara.eu\/wp-content\/uploads\/2021\/12\/RTB_Affiche_WEB_2020-768x1081.jpg 768w\" sizes=\"(max-width: 831px) 100vw, 831px\" \/><figcaption class=\"wp-element-caption\">Rock t&rsquo;en Bulles 2020 (annul\u00e9)<\/figcaption><\/figure>\n\n\n\n<figure class=\"wp-block-image size-large\"><img loading=\"lazy\" decoding=\"async\" width=\"1787\" height=\"2560\" data-id=\"226\" src=\"https:\/\/nephara.eu\/wp-content\/uploads\/2021\/12\/Affiche_Rocktenbulles_A3_2021-scaled.jpg\" alt=\"\" class=\"wp-image-226\" srcset=\"https:\/\/nephara.eu\/wp-content\/uploads\/2021\/12\/Affiche_Rocktenbulles_A3_2021-scaled.jpg 1787w, https:\/\/nephara.eu\/wp-content\/uploads\/2021\/12\/Affiche_Rocktenbulles_A3_2021-209x300.jpg 209w, https:\/\/nephara.eu\/wp-content\/uploads\/2021\/12\/Affiche_Rocktenbulles_A3_2021-715x1024.jpg 715w, https:\/\/nephara.eu\/wp-content\/uploads\/2021\/12\/Affiche_Rocktenbulles_A3_2021-768x1100.jpg 768w, https:\/\/nephara.eu\/wp-content\/uploads\/2021\/12\/Affiche_Rocktenbulles_A3_2021-1072x1536.jpg 1072w, https:\/\/nephara.eu\/wp-content\/uploads\/2021\/12\/Affiche_Rocktenbulles_A3_2021-1430x2048.jpg 1430w\" sizes=\"(max-width: 1787px) 100vw, 1787px\" \/><figcaption class=\"wp-element-caption\">Rock t&rsquo;en Bulles 2021<\/figcaption><\/figure>\n\n\n\n<figure class=\"wp-block-image size-large\"><img loading=\"lazy\" decoding=\"async\" width=\"1755\" height=\"1241\" data-id=\"206\" src=\"https:\/\/nephara.eu\/wp-content\/uploads\/2021\/10\/Salon-de-la-BD-2021-Programme-recto.jpg\" alt=\"\" class=\"wp-image-206\" srcset=\"https:\/\/nephara.eu\/wp-content\/uploads\/2021\/10\/Salon-de-la-BD-2021-Programme-recto.jpg 1755w, https:\/\/nephara.eu\/wp-content\/uploads\/2021\/10\/Salon-de-la-BD-2021-Programme-recto-300x212.jpg 300w, https:\/\/nephara.eu\/wp-content\/uploads\/2021\/10\/Salon-de-la-BD-2021-Programme-recto-1024x724.jpg 1024w, https:\/\/nephara.eu\/wp-content\/uploads\/2021\/10\/Salon-de-la-BD-2021-Programme-recto-768x543.jpg 768w, https:\/\/nephara.eu\/wp-content\/uploads\/2021\/10\/Salon-de-la-BD-2021-Programme-recto-1536x1086.jpg 1536w\" sizes=\"(max-width: 1755px) 100vw, 1755px\" \/><figcaption class=\"wp-element-caption\">Jeumont 2021<\/figcaption><\/figure>\n\n\n\n<figure class=\"wp-block-image size-large\"><img loading=\"lazy\" decoding=\"async\" width=\"724\" height=\"1024\" data-id=\"466\" src=\"https:\/\/nephara.eu\/wp-content\/uploads\/2025\/11\/Affiche_Salon_2022-724x1024-1.jpg\" alt=\"\" class=\"wp-image-466\" srcset=\"https:\/\/nephara.eu\/wp-content\/uploads\/2025\/11\/Affiche_Salon_2022-724x1024-1.jpg 724w, https:\/\/nephara.eu\/wp-content\/uploads\/2025\/11\/Affiche_Salon_2022-724x1024-1-212x300.jpg 212w\" sizes=\"(max-width: 724px) 100vw, 724px\" \/><\/figure>\n\n\n\n<figure class=\"wp-block-image size-large\"><img loading=\"lazy\" decoding=\"async\" width=\"723\" height=\"1024\" data-id=\"465\" src=\"https:\/\/nephara.eu\/wp-content\/uploads\/2025\/11\/475155944_1044082484424459_8660045582018160227_n-2-723x1024.jpg\" alt=\"\" class=\"wp-image-465\" srcset=\"https:\/\/nephara.eu\/wp-content\/uploads\/2025\/11\/475155944_1044082484424459_8660045582018160227_n-2-723x1024.jpg 723w, https:\/\/nephara.eu\/wp-content\/uploads\/2025\/11\/475155944_1044082484424459_8660045582018160227_n-2-212x300.jpg 212w, https:\/\/nephara.eu\/wp-content\/uploads\/2025\/11\/475155944_1044082484424459_8660045582018160227_n-2-768x1088.jpg 768w, https:\/\/nephara.eu\/wp-content\/uploads\/2025\/11\/475155944_1044082484424459_8660045582018160227_n-2-1084x1536.jpg 1084w, https:\/\/nephara.eu\/wp-content\/uploads\/2025\/11\/475155944_1044082484424459_8660045582018160227_n-2.jpg 1445w\" sizes=\"(max-width: 723px) 100vw, 723px\" \/><\/figure>\n\n\n\n<figure class=\"wp-block-image size-full is-resized\"><img loading=\"lazy\" decoding=\"async\" width=\"851\" height=\"315\" data-id=\"328\" src=\"https:\/\/nephara.eu\/wp-content\/uploads\/2022\/09\/294831849_114725864636701_963383339417896879_n.png\" alt=\"\" class=\"wp-image-328\" style=\"width:277px;height:auto\" srcset=\"https:\/\/nephara.eu\/wp-content\/uploads\/2022\/09\/294831849_114725864636701_963383339417896879_n.png 851w, https:\/\/nephara.eu\/wp-content\/uploads\/2022\/09\/294831849_114725864636701_963383339417896879_n-300x111.png 300w, https:\/\/nephara.eu\/wp-content\/uploads\/2022\/09\/294831849_114725864636701_963383339417896879_n-768x284.png 768w\" sizes=\"(max-width: 851px) 100vw, 851px\" \/><\/figure>\n\n\n\n<figure class=\"wp-block-image size-full is-resized\"><img loading=\"lazy\" decoding=\"async\" width=\"908\" height=\"1257\" data-id=\"460\" src=\"https:\/\/nephara.eu\/wp-content\/uploads\/2025\/11\/Rocktenbulles2024.jpg\" alt=\"Rock t'en Bulles 2024\n\" class=\"wp-image-460\" style=\"width:244px;height:auto\" srcset=\"https:\/\/nephara.eu\/wp-content\/uploads\/2025\/11\/Rocktenbulles2024.jpg 908w, https:\/\/nephara.eu\/wp-content\/uploads\/2025\/11\/Rocktenbulles2024-217x300.jpg 217w, https:\/\/nephara.eu\/wp-content\/uploads\/2025\/11\/Rocktenbulles2024-740x1024.jpg 740w, https:\/\/nephara.eu\/wp-content\/uploads\/2025\/11\/Rocktenbulles2024-768x1063.jpg 768w\" sizes=\"(max-width: 908px) 100vw, 908px\" \/><\/figure>\n\n\n\n<figure class=\"wp-block-image size-large\"><img loading=\"lazy\" decoding=\"async\" width=\"725\" height=\"1024\" data-id=\"467\" src=\"https:\/\/nephara.eu\/wp-content\/uploads\/2025\/11\/RTB_Affiche_A3_Web-725x1024.jpg\" alt=\"\" class=\"wp-image-467\" srcset=\"https:\/\/nephara.eu\/wp-content\/uploads\/2025\/11\/RTB_Affiche_A3_Web-725x1024.jpg 725w, https:\/\/nephara.eu\/wp-content\/uploads\/2025\/11\/RTB_Affiche_A3_Web-212x300.jpg 212w, https:\/\/nephara.eu\/wp-content\/uploads\/2025\/11\/RTB_Affiche_A3_Web-768x1085.jpg 768w, https:\/\/nephara.eu\/wp-content\/uploads\/2025\/11\/RTB_Affiche_A3_Web.jpg 870w\" sizes=\"(max-width: 725px) 100vw, 725px\" \/><\/figure>\n\n\n\n<figure class=\"wp-block-image size-large\"><img loading=\"lazy\" decoding=\"async\" width=\"724\" height=\"1024\" data-id=\"469\" src=\"https:\/\/nephara.eu\/wp-content\/uploads\/2025\/11\/WEB-724x1024.jpg\" alt=\"\" class=\"wp-image-469\" srcset=\"https:\/\/nephara.eu\/wp-content\/uploads\/2025\/11\/WEB-724x1024.jpg 724w, https:\/\/nephara.eu\/wp-content\/uploads\/2025\/11\/WEB-212x300.jpg 212w, https:\/\/nephara.eu\/wp-content\/uploads\/2025\/11\/WEB-768x1086.jpg 768w, https:\/\/nephara.eu\/wp-content\/uploads\/2025\/11\/WEB-1086x1536.jpg 1086w, https:\/\/nephara.eu\/wp-content\/uploads\/2025\/11\/WEB-1448x2048.jpg 1448w, https:\/\/nephara.eu\/wp-content\/uploads\/2025\/11\/WEB-scaled.jpg 1811w\" sizes=\"(max-width: 724px) 100vw, 724px\" \/><\/figure>\n<\/figure>\n\n\n\n<p><\/p>\n","protected":false},"excerpt":{"rendered":"<p>Salons<\/p>\n","protected":false},"author":1,"featured_media":295,"parent":0,"menu_order":0,"comment_status":"closed","ping_status":"closed","template":"","meta":{"_acf_changed":false,"footnotes":""},"class_list":["post-48","page","type-page","status-publish","has-post-thumbnail","hentry"],"acf":[],"yoast_head":"<!-- This site is optimized with the Yoast SEO plugin v27.3 - https:\/\/yoast.com\/product\/yoast-seo-wordpress\/ -->\n<title>Affiches des salons : Nephara<\/title>\n<meta name=\"robots\" content=\"index, follow, max-snippet:-1, max-image-preview:large, max-video-preview:-1\" \/>\n<link rel=\"canonical\" href=\"https:\/\/nephara.eu\/index.php\/galerie\/\" \/>\n<meta property=\"og:locale\" content=\"fr_FR\" \/>\n<meta property=\"og:type\" content=\"article\" \/>\n<meta property=\"og:title\" content=\"Affiches des salons : Nephara\" \/>\n<meta property=\"og:description\" content=\"Salons\" \/>\n<meta property=\"og:url\" content=\"https:\/\/nephara.eu\/index.php\/galerie\/\" \/>\n<meta property=\"og:site_name\" content=\"Nephara\" \/>\n<meta property=\"article:publisher\" content=\"https:\/\/www.facebook.com\/Nephara\" \/>\n<meta property=\"article:modified_time\" content=\"2025-11-13T10:10:57+00:00\" \/>\n<meta property=\"og:image\" content=\"https:\/\/nephara.eu\/wp-content\/uploads\/2022\/04\/Affiche_Salon_2022.jpg\" \/>\n\t<meta property=\"og:image:width\" content=\"842\" \/>\n\t<meta property=\"og:image:height\" content=\"1191\" \/>\n\t<meta property=\"og:image:type\" content=\"image\/jpeg\" \/>\n<meta name=\"twitter:card\" content=\"summary_large_image\" \/>\n<meta name=\"twitter:site\" content=\"@JimNephara\" \/>\n<meta name=\"twitter:label1\" content=\"Dur\u00e9e de lecture estim\u00e9e\" \/>\n\t<meta name=\"twitter:data1\" content=\"4 minutes\" \/>\n<script type=\"application\/ld+json\" class=\"yoast-schema-graph\">{\"@context\":\"https:\\\/\\\/schema.org\",\"@graph\":[{\"@type\":\"WebPage\",\"@id\":\"https:\\\/\\\/nephara.eu\\\/index.php\\\/galerie\\\/\",\"url\":\"https:\\\/\\\/nephara.eu\\\/index.php\\\/galerie\\\/\",\"name\":\"Affiches des salons : Nephara\",\"isPartOf\":{\"@id\":\"https:\\\/\\\/nephara.eu\\\/#website\"},\"primaryImageOfPage\":{\"@id\":\"https:\\\/\\\/nephara.eu\\\/index.php\\\/galerie\\\/#primaryimage\"},\"image\":{\"@id\":\"https:\\\/\\\/nephara.eu\\\/index.php\\\/galerie\\\/#primaryimage\"},\"thumbnailUrl\":\"https:\\\/\\\/nephara.eu\\\/wp-content\\\/uploads\\\/2022\\\/04\\\/Affiche_Salon_2022.jpg\",\"datePublished\":\"2020-08-07T08:27:04+00:00\",\"dateModified\":\"2025-11-13T10:10:57+00:00\",\"breadcrumb\":{\"@id\":\"https:\\\/\\\/nephara.eu\\\/index.php\\\/galerie\\\/#breadcrumb\"},\"inLanguage\":\"fr-FR\",\"potentialAction\":[{\"@type\":\"ReadAction\",\"target\":[\"https:\\\/\\\/nephara.eu\\\/index.php\\\/galerie\\\/\"]}]},{\"@type\":\"ImageObject\",\"inLanguage\":\"fr-FR\",\"@id\":\"https:\\\/\\\/nephara.eu\\\/index.php\\\/galerie\\\/#primaryimage\",\"url\":\"https:\\\/\\\/nephara.eu\\\/wp-content\\\/uploads\\\/2022\\\/04\\\/Affiche_Salon_2022.jpg\",\"contentUrl\":\"https:\\\/\\\/nephara.eu\\\/wp-content\\\/uploads\\\/2022\\\/04\\\/Affiche_Salon_2022.jpg\",\"width\":842,\"height\":1191,\"caption\":\"Rock t'en Bulles 2022\"},{\"@type\":\"BreadcrumbList\",\"@id\":\"https:\\\/\\\/nephara.eu\\\/index.php\\\/galerie\\\/#breadcrumb\",\"itemListElement\":[{\"@type\":\"ListItem\",\"position\":1,\"name\":\"Accueil\",\"item\":\"https:\\\/\\\/nephara.eu\\\/\"},{\"@type\":\"ListItem\",\"position\":2,\"name\":\"Affiches des salons\"}]},{\"@type\":\"WebSite\",\"@id\":\"https:\\\/\\\/nephara.eu\\\/#website\",\"url\":\"https:\\\/\\\/nephara.eu\\\/\",\"name\":\"Nephara\",\"description\":\"Fouttoir Artistique de Nephara\",\"publisher\":{\"@id\":\"https:\\\/\\\/nephara.eu\\\/#\\\/schema\\\/person\\\/5c4c12ea00371a362408b6ed940ee17e\"},\"potentialAction\":[{\"@type\":\"SearchAction\",\"target\":{\"@type\":\"EntryPoint\",\"urlTemplate\":\"https:\\\/\\\/nephara.eu\\\/?s={search_term_string}\"},\"query-input\":{\"@type\":\"PropertyValueSpecification\",\"valueRequired\":true,\"valueName\":\"search_term_string\"}}],\"inLanguage\":\"fr-FR\"},{\"@type\":[\"Person\",\"Organization\"],\"@id\":\"https:\\\/\\\/nephara.eu\\\/#\\\/schema\\\/person\\\/5c4c12ea00371a362408b6ed940ee17e\",\"name\":\"Nephara\",\"image\":{\"@type\":\"ImageObject\",\"inLanguage\":\"fr-FR\",\"@id\":\"https:\\\/\\\/secure.gravatar.com\\\/avatar\\\/46742ec76535e9d3e8a4dcfd763c990dae9d948a17250612016d7593fd83cbee?s=96&d=mm&r=g\",\"url\":\"https:\\\/\\\/secure.gravatar.com\\\/avatar\\\/46742ec76535e9d3e8a4dcfd763c990dae9d948a17250612016d7593fd83cbee?s=96&d=mm&r=g\",\"contentUrl\":\"https:\\\/\\\/secure.gravatar.com\\\/avatar\\\/46742ec76535e9d3e8a4dcfd763c990dae9d948a17250612016d7593fd83cbee?s=96&d=mm&r=g\",\"caption\":\"Nephara\"},\"logo\":{\"@id\":\"https:\\\/\\\/secure.gravatar.com\\\/avatar\\\/46742ec76535e9d3e8a4dcfd763c990dae9d948a17250612016d7593fd83cbee?s=96&d=mm&r=g\"},\"description\":\"Dessinateur de BD , Illustrateur , Mangaka , Webmaster n\u00e9 en 1976 en Belgique. Crayonneur du dimanche, Illustrateur en Quart-Temps, Peintre de nuit, Sculpteur de... euh bah \u00e7a faudrait que je mis remette. Papa \u00e0 plein temps et artiste les heures qu'il me reste.\",\"sameAs\":[\"https:\\\/\\\/nephara.eu\",\"https:\\\/\\\/www.facebook.com\\\/Nephara\",\"https:\\\/\\\/www.instagram.com\\\/nephara\\\/\",\"https:\\\/\\\/x.com\\\/JimNephara\",\"https:\\\/\\\/myspace.com\\\/euryxis\"]}]}<\/script>\n<!-- \/ Yoast SEO plugin. -->","yoast_head_json":{"title":"Affiches des salons : Nephara","robots":{"index":"index","follow":"follow","max-snippet":"max-snippet:-1","max-image-preview":"max-image-preview:large","max-video-preview":"max-video-preview:-1"},"canonical":"https:\/\/nephara.eu\/index.php\/galerie\/","og_locale":"fr_FR","og_type":"article","og_title":"Affiches des salons : Nephara","og_description":"Salons","og_url":"https:\/\/nephara.eu\/index.php\/galerie\/","og_site_name":"Nephara","article_publisher":"https:\/\/www.facebook.com\/Nephara","article_modified_time":"2025-11-13T10:10:57+00:00","og_image":[{"width":842,"height":1191,"url":"https:\/\/nephara.eu\/wp-content\/uploads\/2022\/04\/Affiche_Salon_2022.jpg","type":"image\/jpeg"}],"twitter_card":"summary_large_image","twitter_site":"@JimNephara","twitter_misc":{"Dur\u00e9e de lecture estim\u00e9e":"4 minutes"},"schema":{"@context":"https:\/\/schema.org","@graph":[{"@type":"WebPage","@id":"https:\/\/nephara.eu\/index.php\/galerie\/","url":"https:\/\/nephara.eu\/index.php\/galerie\/","name":"Affiches des salons : Nephara","isPartOf":{"@id":"https:\/\/nephara.eu\/#website"},"primaryImageOfPage":{"@id":"https:\/\/nephara.eu\/index.php\/galerie\/#primaryimage"},"image":{"@id":"https:\/\/nephara.eu\/index.php\/galerie\/#primaryimage"},"thumbnailUrl":"https:\/\/nephara.eu\/wp-content\/uploads\/2022\/04\/Affiche_Salon_2022.jpg","datePublished":"2020-08-07T08:27:04+00:00","dateModified":"2025-11-13T10:10:57+00:00","breadcrumb":{"@id":"https:\/\/nephara.eu\/index.php\/galerie\/#breadcrumb"},"inLanguage":"fr-FR","potentialAction":[{"@type":"ReadAction","target":["https:\/\/nephara.eu\/index.php\/galerie\/"]}]},{"@type":"ImageObject","inLanguage":"fr-FR","@id":"https:\/\/nephara.eu\/index.php\/galerie\/#primaryimage","url":"https:\/\/nephara.eu\/wp-content\/uploads\/2022\/04\/Affiche_Salon_2022.jpg","contentUrl":"https:\/\/nephara.eu\/wp-content\/uploads\/2022\/04\/Affiche_Salon_2022.jpg","width":842,"height":1191,"caption":"Rock t'en Bulles 2022"},{"@type":"BreadcrumbList","@id":"https:\/\/nephara.eu\/index.php\/galerie\/#breadcrumb","itemListElement":[{"@type":"ListItem","position":1,"name":"Accueil","item":"https:\/\/nephara.eu\/"},{"@type":"ListItem","position":2,"name":"Affiches des salons"}]},{"@type":"WebSite","@id":"https:\/\/nephara.eu\/#website","url":"https:\/\/nephara.eu\/","name":"Nephara","description":"Fouttoir Artistique de Nephara","publisher":{"@id":"https:\/\/nephara.eu\/#\/schema\/person\/5c4c12ea00371a362408b6ed940ee17e"},"potentialAction":[{"@type":"SearchAction","target":{"@type":"EntryPoint","urlTemplate":"https:\/\/nephara.eu\/?s={search_term_string}"},"query-input":{"@type":"PropertyValueSpecification","valueRequired":true,"valueName":"search_term_string"}}],"inLanguage":"fr-FR"},{"@type":["Person","Organization"],"@id":"https:\/\/nephara.eu\/#\/schema\/person\/5c4c12ea00371a362408b6ed940ee17e","name":"Nephara","image":{"@type":"ImageObject","inLanguage":"fr-FR","@id":"https:\/\/secure.gravatar.com\/avatar\/46742ec76535e9d3e8a4dcfd763c990dae9d948a17250612016d7593fd83cbee?s=96&d=mm&r=g","url":"https:\/\/secure.gravatar.com\/avatar\/46742ec76535e9d3e8a4dcfd763c990dae9d948a17250612016d7593fd83cbee?s=96&d=mm&r=g","contentUrl":"https:\/\/secure.gravatar.com\/avatar\/46742ec76535e9d3e8a4dcfd763c990dae9d948a17250612016d7593fd83cbee?s=96&d=mm&r=g","caption":"Nephara"},"logo":{"@id":"https:\/\/secure.gravatar.com\/avatar\/46742ec76535e9d3e8a4dcfd763c990dae9d948a17250612016d7593fd83cbee?s=96&d=mm&r=g"},"description":"Dessinateur de BD , Illustrateur , Mangaka , Webmaster n\u00e9 en 1976 en Belgique. Crayonneur du dimanche, Illustrateur en Quart-Temps, Peintre de nuit, Sculpteur de... euh bah \u00e7a faudrait que je mis remette. Papa \u00e0 plein temps et artiste les heures qu'il me reste.","sameAs":["https:\/\/nephara.eu","https:\/\/www.facebook.com\/Nephara","https:\/\/www.instagram.com\/nephara\/","https:\/\/x.com\/JimNephara","https:\/\/myspace.com\/euryxis"]}]}},"_links":{"self":[{"href":"https:\/\/nephara.eu\/index.php\/wp-json\/wp\/v2\/pages\/48","targetHints":{"allow":["GET"]}}],"collection":[{"href":"https:\/\/nephara.eu\/index.php\/wp-json\/wp\/v2\/pages"}],"about":[{"href":"https:\/\/nephara.eu\/index.php\/wp-json\/wp\/v2\/types\/page"}],"author":[{"embeddable":true,"href":"https:\/\/nephara.eu\/index.php\/wp-json\/wp\/v2\/users\/1"}],"replies":[{"embeddable":true,"href":"https:\/\/nephara.eu\/index.php\/wp-json\/wp\/v2\/comments?post=48"}],"version-history":[{"count":12,"href":"https:\/\/nephara.eu\/index.php\/wp-json\/wp\/v2\/pages\/48\/revisions"}],"predecessor-version":[{"id":470,"href":"https:\/\/nephara.eu\/index.php\/wp-json\/wp\/v2\/pages\/48\/revisions\/470"}],"wp:featuredmedia":[{"embeddable":true,"href":"https:\/\/nephara.eu\/index.php\/wp-json\/wp\/v2\/media\/295"}],"wp:attachment":[{"href":"https:\/\/nephara.eu\/index.php\/wp-json\/wp\/v2\/media?parent=48"}],"curies":[{"name":"wp","href":"https:\/\/api.w.org\/{rel}","templated":true}]}}