{"id":474,"date":"2025-11-13T16:52:21","date_gmt":"2025-11-13T15:52:21","guid":{"rendered":"https:\/\/nephara.eu\/?page_id=474"},"modified":"2025-11-13T18:01:23","modified_gmt":"2025-11-13T17:01:23","slug":"photo","status":"publish","type":"page","link":"https:\/\/nephara.eu\/index.php\/photo\/","title":{"rendered":"Photo"},"content":{"rendered":"\n<figure class=\"wp-block-gallery has-nested-images columns-default is-cropped wp-block-gallery-1 is-layout-flex wp-block-gallery-is-layout-flex\">\n<figure class=\"wp-block-image size-large\"><img fetchpriority=\"high\" decoding=\"async\" width=\"1024\" height=\"576\" data-id=\"486\" src=\"https:\/\/nephara.eu\/wp-content\/uploads\/2025\/11\/20250312_190903-1024x576.jpg\" alt=\"\" class=\"wp-image-486\" srcset=\"https:\/\/nephara.eu\/wp-content\/uploads\/2025\/11\/20250312_190903-1024x576.jpg 1024w, https:\/\/nephara.eu\/wp-content\/uploads\/2025\/11\/20250312_190903-300x169.jpg 300w, https:\/\/nephara.eu\/wp-content\/uploads\/2025\/11\/20250312_190903-768x432.jpg 768w, https:\/\/nephara.eu\/wp-content\/uploads\/2025\/11\/20250312_190903-1536x864.jpg 1536w, https:\/\/nephara.eu\/wp-content\/uploads\/2025\/11\/20250312_190903-2048x1153.jpg 2048w\" sizes=\"(max-width: 1024px) 100vw, 1024px\" \/><\/figure>\n\n\n\n<figure class=\"wp-block-image size-large\"><img decoding=\"async\" width=\"1024\" height=\"576\" data-id=\"487\" src=\"https:\/\/nephara.eu\/wp-content\/uploads\/2025\/11\/20250314_154854-1024x576.jpg\" alt=\"\" class=\"wp-image-487\" srcset=\"https:\/\/nephara.eu\/wp-content\/uploads\/2025\/11\/20250314_154854-1024x576.jpg 1024w, https:\/\/nephara.eu\/wp-content\/uploads\/2025\/11\/20250314_154854-300x169.jpg 300w, https:\/\/nephara.eu\/wp-content\/uploads\/2025\/11\/20250314_154854-768x432.jpg 768w, https:\/\/nephara.eu\/wp-content\/uploads\/2025\/11\/20250314_154854-1536x864.jpg 1536w, https:\/\/nephara.eu\/wp-content\/uploads\/2025\/11\/20250314_154854-2048x1153.jpg 2048w\" sizes=\"(max-width: 1024px) 100vw, 1024px\" \/><\/figure>\n\n\n\n<figure class=\"wp-block-image size-large\"><img decoding=\"async\" width=\"1024\" height=\"576\" data-id=\"488\" src=\"https:\/\/nephara.eu\/wp-content\/uploads\/2025\/11\/20250314_154914-1024x576.jpg\" alt=\"\" class=\"wp-image-488\" srcset=\"https:\/\/nephara.eu\/wp-content\/uploads\/2025\/11\/20250314_154914-1024x576.jpg 1024w, https:\/\/nephara.eu\/wp-content\/uploads\/2025\/11\/20250314_154914-300x169.jpg 300w, https:\/\/nephara.eu\/wp-content\/uploads\/2025\/11\/20250314_154914-768x432.jpg 768w, https:\/\/nephara.eu\/wp-content\/uploads\/2025\/11\/20250314_154914-1536x864.jpg 1536w, https:\/\/nephara.eu\/wp-content\/uploads\/2025\/11\/20250314_154914-2048x1153.jpg 2048w\" sizes=\"(max-width: 1024px) 100vw, 1024px\" \/><\/figure>\n\n\n\n<figure class=\"wp-block-image size-large\"><img loading=\"lazy\" decoding=\"async\" width=\"1024\" height=\"576\" data-id=\"489\" src=\"https:\/\/nephara.eu\/wp-content\/uploads\/2025\/11\/20250315_102528-1024x576.jpg\" alt=\"\" class=\"wp-image-489\" srcset=\"https:\/\/nephara.eu\/wp-content\/uploads\/2025\/11\/20250315_102528-1024x576.jpg 1024w, https:\/\/nephara.eu\/wp-content\/uploads\/2025\/11\/20250315_102528-300x169.jpg 300w, https:\/\/nephara.eu\/wp-content\/uploads\/2025\/11\/20250315_102528-768x432.jpg 768w, https:\/\/nephara.eu\/wp-content\/uploads\/2025\/11\/20250315_102528-1536x864.jpg 1536w, https:\/\/nephara.eu\/wp-content\/uploads\/2025\/11\/20250315_102528-2048x1153.jpg 2048w\" sizes=\"(max-width: 1024px) 100vw, 1024px\" \/><\/figure>\n\n\n\n<figure class=\"wp-block-image size-large\"><img loading=\"lazy\" decoding=\"async\" width=\"1024\" height=\"768\" data-id=\"490\" src=\"https:\/\/nephara.eu\/wp-content\/uploads\/2025\/11\/20250419_165122-1024x768.jpg\" alt=\"\" class=\"wp-image-490\" srcset=\"https:\/\/nephara.eu\/wp-content\/uploads\/2025\/11\/20250419_165122-1024x768.jpg 1024w, https:\/\/nephara.eu\/wp-content\/uploads\/2025\/11\/20250419_165122-300x225.jpg 300w, https:\/\/nephara.eu\/wp-content\/uploads\/2025\/11\/20250419_165122-768x576.jpg 768w, https:\/\/nephara.eu\/wp-content\/uploads\/2025\/11\/20250419_165122-1536x1152.jpg 1536w, https:\/\/nephara.eu\/wp-content\/uploads\/2025\/11\/20250419_165122-2048x1536.jpg 2048w\" sizes=\"(max-width: 1024px) 100vw, 1024px\" \/><\/figure>\n\n\n\n<figure class=\"wp-block-image size-large\"><img loading=\"lazy\" decoding=\"async\" width=\"1024\" height=\"768\" data-id=\"491\" src=\"https:\/\/nephara.eu\/wp-content\/uploads\/2025\/11\/20250419_165159-1024x768.jpg\" alt=\"\" class=\"wp-image-491\" srcset=\"https:\/\/nephara.eu\/wp-content\/uploads\/2025\/11\/20250419_165159-1024x768.jpg 1024w, https:\/\/nephara.eu\/wp-content\/uploads\/2025\/11\/20250419_165159-300x225.jpg 300w, https:\/\/nephara.eu\/wp-content\/uploads\/2025\/11\/20250419_165159-768x576.jpg 768w, https:\/\/nephara.eu\/wp-content\/uploads\/2025\/11\/20250419_165159-1536x1152.jpg 1536w, https:\/\/nephara.eu\/wp-content\/uploads\/2025\/11\/20250419_165159-2048x1536.jpg 2048w\" sizes=\"(max-width: 1024px) 100vw, 1024px\" \/><\/figure>\n\n\n\n<figure class=\"wp-block-image size-large\"><img loading=\"lazy\" decoding=\"async\" width=\"720\" height=\"540\" data-id=\"492\" src=\"https:\/\/nephara.eu\/wp-content\/uploads\/2025\/11\/246187994_287664683361740_8478102296427999880_n.jpg\" alt=\"\" class=\"wp-image-492\" srcset=\"https:\/\/nephara.eu\/wp-content\/uploads\/2025\/11\/246187994_287664683361740_8478102296427999880_n.jpg 720w, https:\/\/nephara.eu\/wp-content\/uploads\/2025\/11\/246187994_287664683361740_8478102296427999880_n-300x225.jpg 300w\" sizes=\"(max-width: 720px) 100vw, 720px\" \/><\/figure>\n\n\n\n<figure class=\"wp-block-image size-large\"><img loading=\"lazy\" decoding=\"async\" width=\"1024\" height=\"683\" data-id=\"493\" src=\"https:\/\/nephara.eu\/wp-content\/uploads\/2025\/11\/264756070_10228364049949857_2529376836793751755_n-1024x683.jpg\" alt=\"\" class=\"wp-image-493\" srcset=\"https:\/\/nephara.eu\/wp-content\/uploads\/2025\/11\/264756070_10228364049949857_2529376836793751755_n-1024x683.jpg 1024w, https:\/\/nephara.eu\/wp-content\/uploads\/2025\/11\/264756070_10228364049949857_2529376836793751755_n-300x200.jpg 300w, https:\/\/nephara.eu\/wp-content\/uploads\/2025\/11\/264756070_10228364049949857_2529376836793751755_n-768x512.jpg 768w, https:\/\/nephara.eu\/wp-content\/uploads\/2025\/11\/264756070_10228364049949857_2529376836793751755_n-1536x1024.jpg 1536w, https:\/\/nephara.eu\/wp-content\/uploads\/2025\/11\/264756070_10228364049949857_2529376836793751755_n.jpg 1680w\" sizes=\"(max-width: 1024px) 100vw, 1024px\" \/><\/figure>\n\n\n\n<figure class=\"wp-block-image size-large\"><img loading=\"lazy\" decoding=\"async\" width=\"1024\" height=\"576\" data-id=\"483\" src=\"https:\/\/nephara.eu\/wp-content\/uploads\/2025\/11\/20250312_190849-1024x576.jpg\" alt=\"\" class=\"wp-image-483\" srcset=\"https:\/\/nephara.eu\/wp-content\/uploads\/2025\/11\/20250312_190849-1024x576.jpg 1024w, https:\/\/nephara.eu\/wp-content\/uploads\/2025\/11\/20250312_190849-300x169.jpg 300w, https:\/\/nephara.eu\/wp-content\/uploads\/2025\/11\/20250312_190849-768x432.jpg 768w, https:\/\/nephara.eu\/wp-content\/uploads\/2025\/11\/20250312_190849-1536x864.jpg 1536w, https:\/\/nephara.eu\/wp-content\/uploads\/2025\/11\/20250312_190849-2048x1153.jpg 2048w\" sizes=\"(max-width: 1024px) 100vw, 1024px\" \/><\/figure>\n\n\n\n<figure class=\"wp-block-image size-large\"><img loading=\"lazy\" decoding=\"async\" width=\"1024\" height=\"576\" data-id=\"482\" src=\"https:\/\/nephara.eu\/wp-content\/uploads\/2025\/11\/20250312_184845-1024x576.jpg\" alt=\"\" class=\"wp-image-482\" srcset=\"https:\/\/nephara.eu\/wp-content\/uploads\/2025\/11\/20250312_184845-1024x576.jpg 1024w, https:\/\/nephara.eu\/wp-content\/uploads\/2025\/11\/20250312_184845-300x169.jpg 300w, https:\/\/nephara.eu\/wp-content\/uploads\/2025\/11\/20250312_184845-768x432.jpg 768w, https:\/\/nephara.eu\/wp-content\/uploads\/2025\/11\/20250312_184845-1536x864.jpg 1536w, https:\/\/nephara.eu\/wp-content\/uploads\/2025\/11\/20250312_184845-2048x1153.jpg 2048w\" sizes=\"(max-width: 1024px) 100vw, 1024px\" \/><\/figure>\n<\/figure>\n\n\n\n<p><\/p>\n","protected":false},"excerpt":{"rendered":"","protected":false},"author":1,"featured_media":0,"parent":0,"menu_order":0,"comment_status":"closed","ping_status":"closed","template":"","meta":{"_acf_changed":false,"footnotes":""},"class_list":["post-474","page","type-page","status-publish","hentry"],"acf":[],"yoast_head":"<!-- This site is optimized with the Yoast SEO plugin v27.3 - https:\/\/yoast.com\/product\/yoast-seo-wordpress\/ -->\n<title>Photo : Nephara<\/title>\n<meta name=\"robots\" content=\"index, follow, max-snippet:-1, max-image-preview:large, max-video-preview:-1\" \/>\n<link rel=\"canonical\" href=\"https:\/\/nephara.eu\/index.php\/photo\/\" \/>\n<meta property=\"og:locale\" content=\"fr_FR\" \/>\n<meta property=\"og:type\" content=\"article\" \/>\n<meta property=\"og:title\" content=\"Photo : Nephara\" \/>\n<meta property=\"og:url\" content=\"https:\/\/nephara.eu\/index.php\/photo\/\" \/>\n<meta property=\"og:site_name\" content=\"Nephara\" \/>\n<meta property=\"article:publisher\" content=\"https:\/\/www.facebook.com\/Nephara\" \/>\n<meta property=\"article:modified_time\" content=\"2025-11-13T17:01:23+00:00\" \/>\n<meta property=\"og:image\" content=\"https:\/\/nephara.eu\/wp-content\/uploads\/2025\/11\/20250312_190903-scaled.jpg\" \/>\n\t<meta property=\"og:image:width\" content=\"2560\" \/>\n\t<meta property=\"og:image:height\" content=\"1441\" \/>\n\t<meta property=\"og:image:type\" content=\"image\/jpeg\" \/>\n<meta name=\"twitter:card\" content=\"summary_large_image\" \/>\n<meta name=\"twitter:site\" content=\"@JimNephara\" \/>\n<meta name=\"twitter:label1\" content=\"Dur\u00e9e de lecture estim\u00e9e\" \/>\n\t<meta name=\"twitter:data1\" content=\"2 minutes\" \/>\n<script type=\"application\/ld+json\" class=\"yoast-schema-graph\">{\"@context\":\"https:\\\/\\\/schema.org\",\"@graph\":[{\"@type\":\"WebPage\",\"@id\":\"https:\\\/\\\/nephara.eu\\\/index.php\\\/photo\\\/\",\"url\":\"https:\\\/\\\/nephara.eu\\\/index.php\\\/photo\\\/\",\"name\":\"Photo : Nephara\",\"isPartOf\":{\"@id\":\"https:\\\/\\\/nephara.eu\\\/#website\"},\"primaryImageOfPage\":{\"@id\":\"https:\\\/\\\/nephara.eu\\\/index.php\\\/photo\\\/#primaryimage\"},\"image\":{\"@id\":\"https:\\\/\\\/nephara.eu\\\/index.php\\\/photo\\\/#primaryimage\"},\"thumbnailUrl\":\"https:\\\/\\\/nephara.eu\\\/wp-content\\\/uploads\\\/2025\\\/11\\\/20250312_190903-1024x576.jpg\",\"datePublished\":\"2025-11-13T15:52:21+00:00\",\"dateModified\":\"2025-11-13T17:01:23+00:00\",\"breadcrumb\":{\"@id\":\"https:\\\/\\\/nephara.eu\\\/index.php\\\/photo\\\/#breadcrumb\"},\"inLanguage\":\"fr-FR\",\"potentialAction\":[{\"@type\":\"ReadAction\",\"target\":[\"https:\\\/\\\/nephara.eu\\\/index.php\\\/photo\\\/\"]}]},{\"@type\":\"ImageObject\",\"inLanguage\":\"fr-FR\",\"@id\":\"https:\\\/\\\/nephara.eu\\\/index.php\\\/photo\\\/#primaryimage\",\"url\":\"https:\\\/\\\/nephara.eu\\\/wp-content\\\/uploads\\\/2025\\\/11\\\/20250312_190903-scaled.jpg\",\"contentUrl\":\"https:\\\/\\\/nephara.eu\\\/wp-content\\\/uploads\\\/2025\\\/11\\\/20250312_190903-scaled.jpg\",\"width\":2560,\"height\":1441},{\"@type\":\"BreadcrumbList\",\"@id\":\"https:\\\/\\\/nephara.eu\\\/index.php\\\/photo\\\/#breadcrumb\",\"itemListElement\":[{\"@type\":\"ListItem\",\"position\":1,\"name\":\"Accueil\",\"item\":\"https:\\\/\\\/nephara.eu\\\/\"},{\"@type\":\"ListItem\",\"position\":2,\"name\":\"Photo\"}]},{\"@type\":\"WebSite\",\"@id\":\"https:\\\/\\\/nephara.eu\\\/#website\",\"url\":\"https:\\\/\\\/nephara.eu\\\/\",\"name\":\"Nephara\",\"description\":\"Fouttoir Artistique de Nephara\",\"publisher\":{\"@id\":\"https:\\\/\\\/nephara.eu\\\/#\\\/schema\\\/person\\\/5c4c12ea00371a362408b6ed940ee17e\"},\"potentialAction\":[{\"@type\":\"SearchAction\",\"target\":{\"@type\":\"EntryPoint\",\"urlTemplate\":\"https:\\\/\\\/nephara.eu\\\/?s={search_term_string}\"},\"query-input\":{\"@type\":\"PropertyValueSpecification\",\"valueRequired\":true,\"valueName\":\"search_term_string\"}}],\"inLanguage\":\"fr-FR\"},{\"@type\":[\"Person\",\"Organization\"],\"@id\":\"https:\\\/\\\/nephara.eu\\\/#\\\/schema\\\/person\\\/5c4c12ea00371a362408b6ed940ee17e\",\"name\":\"Nephara\",\"image\":{\"@type\":\"ImageObject\",\"inLanguage\":\"fr-FR\",\"@id\":\"https:\\\/\\\/secure.gravatar.com\\\/avatar\\\/46742ec76535e9d3e8a4dcfd763c990dae9d948a17250612016d7593fd83cbee?s=96&d=mm&r=g\",\"url\":\"https:\\\/\\\/secure.gravatar.com\\\/avatar\\\/46742ec76535e9d3e8a4dcfd763c990dae9d948a17250612016d7593fd83cbee?s=96&d=mm&r=g\",\"contentUrl\":\"https:\\\/\\\/secure.gravatar.com\\\/avatar\\\/46742ec76535e9d3e8a4dcfd763c990dae9d948a17250612016d7593fd83cbee?s=96&d=mm&r=g\",\"caption\":\"Nephara\"},\"logo\":{\"@id\":\"https:\\\/\\\/secure.gravatar.com\\\/avatar\\\/46742ec76535e9d3e8a4dcfd763c990dae9d948a17250612016d7593fd83cbee?s=96&d=mm&r=g\"},\"description\":\"Dessinateur de BD , Illustrateur , Mangaka , Webmaster n\u00e9 en 1976 en Belgique. Crayonneur du dimanche, Illustrateur en Quart-Temps, Peintre de nuit, Sculpteur de... euh bah \u00e7a faudrait que je mis remette. Papa \u00e0 plein temps et artiste les heures qu'il me reste.\",\"sameAs\":[\"https:\\\/\\\/nephara.eu\",\"https:\\\/\\\/www.facebook.com\\\/Nephara\",\"https:\\\/\\\/www.instagram.com\\\/nephara\\\/\",\"https:\\\/\\\/x.com\\\/JimNephara\",\"https:\\\/\\\/myspace.com\\\/euryxis\"]}]}<\/script>\n<!-- \/ Yoast SEO plugin. -->","yoast_head_json":{"title":"Photo : Nephara","robots":{"index":"index","follow":"follow","max-snippet":"max-snippet:-1","max-image-preview":"max-image-preview:large","max-video-preview":"max-video-preview:-1"},"canonical":"https:\/\/nephara.eu\/index.php\/photo\/","og_locale":"fr_FR","og_type":"article","og_title":"Photo : Nephara","og_url":"https:\/\/nephara.eu\/index.php\/photo\/","og_site_name":"Nephara","article_publisher":"https:\/\/www.facebook.com\/Nephara","article_modified_time":"2025-11-13T17:01:23+00:00","og_image":[{"width":2560,"height":1441,"url":"https:\/\/nephara.eu\/wp-content\/uploads\/2025\/11\/20250312_190903-scaled.jpg","type":"image\/jpeg"}],"twitter_card":"summary_large_image","twitter_site":"@JimNephara","twitter_misc":{"Dur\u00e9e de lecture estim\u00e9e":"2 minutes"},"schema":{"@context":"https:\/\/schema.org","@graph":[{"@type":"WebPage","@id":"https:\/\/nephara.eu\/index.php\/photo\/","url":"https:\/\/nephara.eu\/index.php\/photo\/","name":"Photo : Nephara","isPartOf":{"@id":"https:\/\/nephara.eu\/#website"},"primaryImageOfPage":{"@id":"https:\/\/nephara.eu\/index.php\/photo\/#primaryimage"},"image":{"@id":"https:\/\/nephara.eu\/index.php\/photo\/#primaryimage"},"thumbnailUrl":"https:\/\/nephara.eu\/wp-content\/uploads\/2025\/11\/20250312_190903-1024x576.jpg","datePublished":"2025-11-13T15:52:21+00:00","dateModified":"2025-11-13T17:01:23+00:00","breadcrumb":{"@id":"https:\/\/nephara.eu\/index.php\/photo\/#breadcrumb"},"inLanguage":"fr-FR","potentialAction":[{"@type":"ReadAction","target":["https:\/\/nephara.eu\/index.php\/photo\/"]}]},{"@type":"ImageObject","inLanguage":"fr-FR","@id":"https:\/\/nephara.eu\/index.php\/photo\/#primaryimage","url":"https:\/\/nephara.eu\/wp-content\/uploads\/2025\/11\/20250312_190903-scaled.jpg","contentUrl":"https:\/\/nephara.eu\/wp-content\/uploads\/2025\/11\/20250312_190903-scaled.jpg","width":2560,"height":1441},{"@type":"BreadcrumbList","@id":"https:\/\/nephara.eu\/index.php\/photo\/#breadcrumb","itemListElement":[{"@type":"ListItem","position":1,"name":"Accueil","item":"https:\/\/nephara.eu\/"},{"@type":"ListItem","position":2,"name":"Photo"}]},{"@type":"WebSite","@id":"https:\/\/nephara.eu\/#website","url":"https:\/\/nephara.eu\/","name":"Nephara","description":"Fouttoir Artistique de Nephara","publisher":{"@id":"https:\/\/nephara.eu\/#\/schema\/person\/5c4c12ea00371a362408b6ed940ee17e"},"potentialAction":[{"@type":"SearchAction","target":{"@type":"EntryPoint","urlTemplate":"https:\/\/nephara.eu\/?s={search_term_string}"},"query-input":{"@type":"PropertyValueSpecification","valueRequired":true,"valueName":"search_term_string"}}],"inLanguage":"fr-FR"},{"@type":["Person","Organization"],"@id":"https:\/\/nephara.eu\/#\/schema\/person\/5c4c12ea00371a362408b6ed940ee17e","name":"Nephara","image":{"@type":"ImageObject","inLanguage":"fr-FR","@id":"https:\/\/secure.gravatar.com\/avatar\/46742ec76535e9d3e8a4dcfd763c990dae9d948a17250612016d7593fd83cbee?s=96&d=mm&r=g","url":"https:\/\/secure.gravatar.com\/avatar\/46742ec76535e9d3e8a4dcfd763c990dae9d948a17250612016d7593fd83cbee?s=96&d=mm&r=g","contentUrl":"https:\/\/secure.gravatar.com\/avatar\/46742ec76535e9d3e8a4dcfd763c990dae9d948a17250612016d7593fd83cbee?s=96&d=mm&r=g","caption":"Nephara"},"logo":{"@id":"https:\/\/secure.gravatar.com\/avatar\/46742ec76535e9d3e8a4dcfd763c990dae9d948a17250612016d7593fd83cbee?s=96&d=mm&r=g"},"description":"Dessinateur de BD , Illustrateur , Mangaka , Webmaster n\u00e9 en 1976 en Belgique. Crayonneur du dimanche, Illustrateur en Quart-Temps, Peintre de nuit, Sculpteur de... euh bah \u00e7a faudrait que je mis remette. Papa \u00e0 plein temps et artiste les heures qu'il me reste.","sameAs":["https:\/\/nephara.eu","https:\/\/www.facebook.com\/Nephara","https:\/\/www.instagram.com\/nephara\/","https:\/\/x.com\/JimNephara","https:\/\/myspace.com\/euryxis"]}]}},"_links":{"self":[{"href":"https:\/\/nephara.eu\/index.php\/wp-json\/wp\/v2\/pages\/474","targetHints":{"allow":["GET"]}}],"collection":[{"href":"https:\/\/nephara.eu\/index.php\/wp-json\/wp\/v2\/pages"}],"about":[{"href":"https:\/\/nephara.eu\/index.php\/wp-json\/wp\/v2\/types\/page"}],"author":[{"embeddable":true,"href":"https:\/\/nephara.eu\/index.php\/wp-json\/wp\/v2\/users\/1"}],"replies":[{"embeddable":true,"href":"https:\/\/nephara.eu\/index.php\/wp-json\/wp\/v2\/comments?post=474"}],"version-history":[{"count":3,"href":"https:\/\/nephara.eu\/index.php\/wp-json\/wp\/v2\/pages\/474\/revisions"}],"predecessor-version":[{"id":494,"href":"https:\/\/nephara.eu\/index.php\/wp-json\/wp\/v2\/pages\/474\/revisions\/494"}],"wp:attachment":[{"href":"https:\/\/nephara.eu\/index.php\/wp-json\/wp\/v2\/media?parent=474"}],"curies":[{"name":"wp","href":"https:\/\/api.w.org\/{rel}","templated":true}]}}