{"id":451,"date":"2025-11-13T10:50:43","date_gmt":"2025-11-13T09:50:43","guid":{"rendered":"https:\/\/nephara.eu\/?page_id=451"},"modified":"2025-11-13T18:23:26","modified_gmt":"2025-11-13T17:23:26","slug":"news","status":"publish","type":"page","link":"https:\/\/nephara.eu\/","title":{"rendered":"News"},"content":{"rendered":"\n<p><strong>Je serai au TGS le 29 &amp; 30 novembre.<\/strong><\/p>\n\n\n\n<p><strong>Les copains du sud-ouest si vous voulez me voir n&rsquo;h\u00e9sitez pas<\/strong><\/p>\n\n\n\n<figure class=\"wp-block-image size-full is-resized\"><img fetchpriority=\"high\" decoding=\"async\" width=\"512\" height=\"512\" src=\"https:\/\/nephara.eu\/wp-content\/uploads\/2020\/08\/cropped-Logo.jpg\" alt=\"\" class=\"wp-image-19\" style=\"width:261px;height:auto\" srcset=\"https:\/\/nephara.eu\/wp-content\/uploads\/2020\/08\/cropped-Logo.jpg 512w, https:\/\/nephara.eu\/wp-content\/uploads\/2020\/08\/cropped-Logo-300x300.jpg 300w, https:\/\/nephara.eu\/wp-content\/uploads\/2020\/08\/cropped-Logo-150x150.jpg 150w, https:\/\/nephara.eu\/wp-content\/uploads\/2020\/08\/cropped-Logo-270x270.jpg 270w, https:\/\/nephara.eu\/wp-content\/uploads\/2020\/08\/cropped-Logo-192x192.jpg 192w, https:\/\/nephara.eu\/wp-content\/uploads\/2020\/08\/cropped-Logo-180x180.jpg 180w, https:\/\/nephara.eu\/wp-content\/uploads\/2020\/08\/cropped-Logo-32x32.jpg 32w\" sizes=\"(max-width: 512px) 100vw, 512px\" \/><\/figure>\n","protected":false},"excerpt":{"rendered":"<p>Je serai au TGS le 29 &amp; 30 novembre. Les copains du sud-ouest si vous voulez me voir n&rsquo;h\u00e9sitez pas<\/p>\n","protected":false},"author":1,"featured_media":0,"parent":0,"menu_order":0,"comment_status":"closed","ping_status":"closed","template":"","meta":{"_acf_changed":false,"footnotes":""},"class_list":["post-451","page","type-page","status-publish","hentry"],"acf":[],"yoast_head":"<!-- This site is optimized with the Yoast SEO plugin v27.3 - https:\/\/yoast.com\/product\/yoast-seo-wordpress\/ -->\n<title>News : Nephara<\/title>\n<meta name=\"robots\" content=\"index, follow, max-snippet:-1, max-image-preview:large, max-video-preview:-1\" \/>\n<link rel=\"canonical\" href=\"https:\/\/nephara.eu\/\" \/>\n<meta property=\"og:locale\" content=\"fr_FR\" \/>\n<meta property=\"og:type\" content=\"article\" \/>\n<meta property=\"og:title\" content=\"News : Nephara\" \/>\n<meta property=\"og:description\" content=\"Je serai au TGS le 29 &amp; 30 novembre. Les copains du sud-ouest si vous voulez me voir n&rsquo;h\u00e9sitez pas\" \/>\n<meta property=\"og:url\" content=\"https:\/\/nephara.eu\/\" \/>\n<meta property=\"og:site_name\" content=\"Nephara\" \/>\n<meta property=\"article:publisher\" content=\"https:\/\/www.facebook.com\/Nephara\" \/>\n<meta property=\"article:modified_time\" content=\"2025-11-13T17:23:26+00:00\" \/>\n<meta property=\"og:image\" content=\"https:\/\/nephara.eu\/wp-content\/uploads\/2020\/08\/cropped-Logo.jpg\" \/>\n\t<meta property=\"og:image:width\" content=\"512\" \/>\n\t<meta property=\"og:image:height\" content=\"512\" \/>\n\t<meta property=\"og:image:type\" content=\"image\/jpeg\" \/>\n<meta name=\"twitter:card\" content=\"summary_large_image\" \/>\n<meta name=\"twitter:site\" content=\"@JimNephara\" \/>\n<meta name=\"twitter:label1\" content=\"Dur\u00e9e de lecture estim\u00e9e\" \/>\n\t<meta name=\"twitter:data1\" content=\"1 minute\" \/>\n<script type=\"application\/ld+json\" class=\"yoast-schema-graph\">{\"@context\":\"https:\\\/\\\/schema.org\",\"@graph\":[{\"@type\":\"WebPage\",\"@id\":\"https:\\\/\\\/nephara.eu\\\/\",\"url\":\"https:\\\/\\\/nephara.eu\\\/\",\"name\":\"News : Nephara\",\"isPartOf\":{\"@id\":\"https:\\\/\\\/nephara.eu\\\/#website\"},\"primaryImageOfPage\":{\"@id\":\"https:\\\/\\\/nephara.eu\\\/#primaryimage\"},\"image\":{\"@id\":\"https:\\\/\\\/nephara.eu\\\/#primaryimage\"},\"thumbnailUrl\":\"https:\\\/\\\/nephara.eu\\\/wp-content\\\/uploads\\\/2020\\\/08\\\/cropped-Logo.jpg\",\"datePublished\":\"2025-11-13T09:50:43+00:00\",\"dateModified\":\"2025-11-13T17:23:26+00:00\",\"breadcrumb\":{\"@id\":\"https:\\\/\\\/nephara.eu\\\/#breadcrumb\"},\"inLanguage\":\"fr-FR\",\"potentialAction\":[{\"@type\":\"ReadAction\",\"target\":[\"https:\\\/\\\/nephara.eu\\\/\"]}]},{\"@type\":\"ImageObject\",\"inLanguage\":\"fr-FR\",\"@id\":\"https:\\\/\\\/nephara.eu\\\/#primaryimage\",\"url\":\"https:\\\/\\\/nephara.eu\\\/wp-content\\\/uploads\\\/2020\\\/08\\\/cropped-Logo.jpg\",\"contentUrl\":\"https:\\\/\\\/nephara.eu\\\/wp-content\\\/uploads\\\/2020\\\/08\\\/cropped-Logo.jpg\",\"width\":512,\"height\":512},{\"@type\":\"BreadcrumbList\",\"@id\":\"https:\\\/\\\/nephara.eu\\\/#breadcrumb\",\"itemListElement\":[{\"@type\":\"ListItem\",\"position\":1,\"name\":\"Accueil\",\"item\":\"https:\\\/\\\/nephara.eu\\\/\"},{\"@type\":\"ListItem\",\"position\":2,\"name\":\"News\"}]},{\"@type\":\"WebSite\",\"@id\":\"https:\\\/\\\/nephara.eu\\\/#website\",\"url\":\"https:\\\/\\\/nephara.eu\\\/\",\"name\":\"Nephara\",\"description\":\"Fouttoir Artistique de Nephara\",\"publisher\":{\"@id\":\"https:\\\/\\\/nephara.eu\\\/#\\\/schema\\\/person\\\/5c4c12ea00371a362408b6ed940ee17e\"},\"potentialAction\":[{\"@type\":\"SearchAction\",\"target\":{\"@type\":\"EntryPoint\",\"urlTemplate\":\"https:\\\/\\\/nephara.eu\\\/?s={search_term_string}\"},\"query-input\":{\"@type\":\"PropertyValueSpecification\",\"valueRequired\":true,\"valueName\":\"search_term_string\"}}],\"inLanguage\":\"fr-FR\"},{\"@type\":[\"Person\",\"Organization\"],\"@id\":\"https:\\\/\\\/nephara.eu\\\/#\\\/schema\\\/person\\\/5c4c12ea00371a362408b6ed940ee17e\",\"name\":\"Nephara\",\"image\":{\"@type\":\"ImageObject\",\"inLanguage\":\"fr-FR\",\"@id\":\"https:\\\/\\\/secure.gravatar.com\\\/avatar\\\/46742ec76535e9d3e8a4dcfd763c990dae9d948a17250612016d7593fd83cbee?s=96&d=mm&r=g\",\"url\":\"https:\\\/\\\/secure.gravatar.com\\\/avatar\\\/46742ec76535e9d3e8a4dcfd763c990dae9d948a17250612016d7593fd83cbee?s=96&d=mm&r=g\",\"contentUrl\":\"https:\\\/\\\/secure.gravatar.com\\\/avatar\\\/46742ec76535e9d3e8a4dcfd763c990dae9d948a17250612016d7593fd83cbee?s=96&d=mm&r=g\",\"caption\":\"Nephara\"},\"logo\":{\"@id\":\"https:\\\/\\\/secure.gravatar.com\\\/avatar\\\/46742ec76535e9d3e8a4dcfd763c990dae9d948a17250612016d7593fd83cbee?s=96&d=mm&r=g\"},\"description\":\"Dessinateur de BD , Illustrateur , Mangaka , Webmaster n\u00e9 en 1976 en Belgique. Crayonneur du dimanche, Illustrateur en Quart-Temps, Peintre de nuit, Sculpteur de... euh bah \u00e7a faudrait que je mis remette. Papa \u00e0 plein temps et artiste les heures qu'il me reste.\",\"sameAs\":[\"https:\\\/\\\/nephara.eu\",\"https:\\\/\\\/www.facebook.com\\\/Nephara\",\"https:\\\/\\\/www.instagram.com\\\/nephara\\\/\",\"https:\\\/\\\/x.com\\\/JimNephara\",\"https:\\\/\\\/myspace.com\\\/euryxis\"]}]}<\/script>\n<!-- \/ Yoast SEO plugin. -->","yoast_head_json":{"title":"News : Nephara","robots":{"index":"index","follow":"follow","max-snippet":"max-snippet:-1","max-image-preview":"max-image-preview:large","max-video-preview":"max-video-preview:-1"},"canonical":"https:\/\/nephara.eu\/","og_locale":"fr_FR","og_type":"article","og_title":"News : Nephara","og_description":"Je serai au TGS le 29 &amp; 30 novembre. Les copains du sud-ouest si vous voulez me voir n&rsquo;h\u00e9sitez pas","og_url":"https:\/\/nephara.eu\/","og_site_name":"Nephara","article_publisher":"https:\/\/www.facebook.com\/Nephara","article_modified_time":"2025-11-13T17:23:26+00:00","og_image":[{"width":512,"height":512,"url":"https:\/\/nephara.eu\/wp-content\/uploads\/2020\/08\/cropped-Logo.jpg","type":"image\/jpeg"}],"twitter_card":"summary_large_image","twitter_site":"@JimNephara","twitter_misc":{"Dur\u00e9e de lecture estim\u00e9e":"1 minute"},"schema":{"@context":"https:\/\/schema.org","@graph":[{"@type":"WebPage","@id":"https:\/\/nephara.eu\/","url":"https:\/\/nephara.eu\/","name":"News : Nephara","isPartOf":{"@id":"https:\/\/nephara.eu\/#website"},"primaryImageOfPage":{"@id":"https:\/\/nephara.eu\/#primaryimage"},"image":{"@id":"https:\/\/nephara.eu\/#primaryimage"},"thumbnailUrl":"https:\/\/nephara.eu\/wp-content\/uploads\/2020\/08\/cropped-Logo.jpg","datePublished":"2025-11-13T09:50:43+00:00","dateModified":"2025-11-13T17:23:26+00:00","breadcrumb":{"@id":"https:\/\/nephara.eu\/#breadcrumb"},"inLanguage":"fr-FR","potentialAction":[{"@type":"ReadAction","target":["https:\/\/nephara.eu\/"]}]},{"@type":"ImageObject","inLanguage":"fr-FR","@id":"https:\/\/nephara.eu\/#primaryimage","url":"https:\/\/nephara.eu\/wp-content\/uploads\/2020\/08\/cropped-Logo.jpg","contentUrl":"https:\/\/nephara.eu\/wp-content\/uploads\/2020\/08\/cropped-Logo.jpg","width":512,"height":512},{"@type":"BreadcrumbList","@id":"https:\/\/nephara.eu\/#breadcrumb","itemListElement":[{"@type":"ListItem","position":1,"name":"Accueil","item":"https:\/\/nephara.eu\/"},{"@type":"ListItem","position":2,"name":"News"}]},{"@type":"WebSite","@id":"https:\/\/nephara.eu\/#website","url":"https:\/\/nephara.eu\/","name":"Nephara","description":"Fouttoir Artistique de Nephara","publisher":{"@id":"https:\/\/nephara.eu\/#\/schema\/person\/5c4c12ea00371a362408b6ed940ee17e"},"potentialAction":[{"@type":"SearchAction","target":{"@type":"EntryPoint","urlTemplate":"https:\/\/nephara.eu\/?s={search_term_string}"},"query-input":{"@type":"PropertyValueSpecification","valueRequired":true,"valueName":"search_term_string"}}],"inLanguage":"fr-FR"},{"@type":["Person","Organization"],"@id":"https:\/\/nephara.eu\/#\/schema\/person\/5c4c12ea00371a362408b6ed940ee17e","name":"Nephara","image":{"@type":"ImageObject","inLanguage":"fr-FR","@id":"https:\/\/secure.gravatar.com\/avatar\/46742ec76535e9d3e8a4dcfd763c990dae9d948a17250612016d7593fd83cbee?s=96&d=mm&r=g","url":"https:\/\/secure.gravatar.com\/avatar\/46742ec76535e9d3e8a4dcfd763c990dae9d948a17250612016d7593fd83cbee?s=96&d=mm&r=g","contentUrl":"https:\/\/secure.gravatar.com\/avatar\/46742ec76535e9d3e8a4dcfd763c990dae9d948a17250612016d7593fd83cbee?s=96&d=mm&r=g","caption":"Nephara"},"logo":{"@id":"https:\/\/secure.gravatar.com\/avatar\/46742ec76535e9d3e8a4dcfd763c990dae9d948a17250612016d7593fd83cbee?s=96&d=mm&r=g"},"description":"Dessinateur de BD , Illustrateur , Mangaka , Webmaster n\u00e9 en 1976 en Belgique. Crayonneur du dimanche, Illustrateur en Quart-Temps, Peintre de nuit, Sculpteur de... euh bah \u00e7a faudrait que je mis remette. Papa \u00e0 plein temps et artiste les heures qu'il me reste.","sameAs":["https:\/\/nephara.eu","https:\/\/www.facebook.com\/Nephara","https:\/\/www.instagram.com\/nephara\/","https:\/\/x.com\/JimNephara","https:\/\/myspace.com\/euryxis"]}]}},"_links":{"self":[{"href":"https:\/\/nephara.eu\/index.php\/wp-json\/wp\/v2\/pages\/451","targetHints":{"allow":["GET"]}}],"collection":[{"href":"https:\/\/nephara.eu\/index.php\/wp-json\/wp\/v2\/pages"}],"about":[{"href":"https:\/\/nephara.eu\/index.php\/wp-json\/wp\/v2\/types\/page"}],"author":[{"embeddable":true,"href":"https:\/\/nephara.eu\/index.php\/wp-json\/wp\/v2\/users\/1"}],"replies":[{"embeddable":true,"href":"https:\/\/nephara.eu\/index.php\/wp-json\/wp\/v2\/comments?post=451"}],"version-history":[{"count":3,"href":"https:\/\/nephara.eu\/index.php\/wp-json\/wp\/v2\/pages\/451\/revisions"}],"predecessor-version":[{"id":513,"href":"https:\/\/nephara.eu\/index.php\/wp-json\/wp\/v2\/pages\/451\/revisions\/513"}],"wp:attachment":[{"href":"https:\/\/nephara.eu\/index.php\/wp-json\/wp\/v2\/media?parent=451"}],"curies":[{"name":"wp","href":"https:\/\/api.w.org\/{rel}","templated":true}]}}