{"id":202,"date":"2021-10-07T22:23:39","date_gmt":"2021-10-07T20:23:39","guid":{"rendered":"https:\/\/nephara.eu\/?page_id=202"},"modified":"2021-10-07T22:23:39","modified_gmt":"2021-10-07T20:23:39","slug":"twitch-2","status":"publish","type":"page","link":"https:\/\/nephara.eu\/index.php\/twitch-2\/","title":{"rendered":"Twitch"},"content":{"rendered":"","protected":false},"excerpt":{"rendered":"","protected":false},"author":1,"featured_media":0,"parent":0,"menu_order":0,"comment_status":"closed","ping_status":"closed","template":"","meta":{"_acf_changed":false,"footnotes":""},"class_list":["post-202","page","type-page","status-publish","hentry"],"acf":[],"yoast_head":"<!-- This site is optimized with the Yoast SEO plugin v27.3 - https:\/\/yoast.com\/product\/yoast-seo-wordpress\/ -->\n<title>Twitch : Nephara<\/title>\n<meta name=\"robots\" content=\"index, follow, max-snippet:-1, max-image-preview:large, max-video-preview:-1\" \/>\n<link rel=\"canonical\" href=\"https:\/\/nephara.eu\/index.php\/twitch-2\/\" \/>\n<meta property=\"og:locale\" content=\"fr_FR\" \/>\n<meta property=\"og:type\" content=\"article\" \/>\n<meta property=\"og:title\" content=\"Twitch : Nephara\" \/>\n<meta property=\"og:url\" content=\"https:\/\/nephara.eu\/index.php\/twitch-2\/\" \/>\n<meta property=\"og:site_name\" content=\"Nephara\" \/>\n<meta property=\"article:publisher\" content=\"https:\/\/www.facebook.com\/Nephara\" \/>\n<meta name=\"twitter:card\" content=\"summary_large_image\" \/>\n<meta name=\"twitter:site\" content=\"@JimNephara\" \/>\n<script type=\"application\/ld+json\" class=\"yoast-schema-graph\">{\"@context\":\"https:\\\/\\\/schema.org\",\"@graph\":[{\"@type\":\"WebPage\",\"@id\":\"https:\\\/\\\/nephara.eu\\\/index.php\\\/twitch-2\\\/\",\"url\":\"https:\\\/\\\/nephara.eu\\\/index.php\\\/twitch-2\\\/\",\"name\":\"Twitch : Nephara\",\"isPartOf\":{\"@id\":\"https:\\\/\\\/nephara.eu\\\/#website\"},\"datePublished\":\"2021-10-07T20:23:39+00:00\",\"breadcrumb\":{\"@id\":\"https:\\\/\\\/nephara.eu\\\/index.php\\\/twitch-2\\\/#breadcrumb\"},\"inLanguage\":\"fr-FR\",\"potentialAction\":[{\"@type\":\"ReadAction\",\"target\":[\"https:\\\/\\\/nephara.eu\\\/index.php\\\/twitch-2\\\/\"]}]},{\"@type\":\"BreadcrumbList\",\"@id\":\"https:\\\/\\\/nephara.eu\\\/index.php\\\/twitch-2\\\/#breadcrumb\",\"itemListElement\":[{\"@type\":\"ListItem\",\"position\":1,\"name\":\"Accueil\",\"item\":\"https:\\\/\\\/nephara.eu\\\/\"},{\"@type\":\"ListItem\",\"position\":2,\"name\":\"Twitch\"}]},{\"@type\":\"WebSite\",\"@id\":\"https:\\\/\\\/nephara.eu\\\/#website\",\"url\":\"https:\\\/\\\/nephara.eu\\\/\",\"name\":\"Nephara\",\"description\":\"Fouttoir Artistique de Nephara\",\"publisher\":{\"@id\":\"https:\\\/\\\/nephara.eu\\\/#\\\/schema\\\/person\\\/5c4c12ea00371a362408b6ed940ee17e\"},\"potentialAction\":[{\"@type\":\"SearchAction\",\"target\":{\"@type\":\"EntryPoint\",\"urlTemplate\":\"https:\\\/\\\/nephara.eu\\\/?s={search_term_string}\"},\"query-input\":{\"@type\":\"PropertyValueSpecification\",\"valueRequired\":true,\"valueName\":\"search_term_string\"}}],\"inLanguage\":\"fr-FR\"},{\"@type\":[\"Person\",\"Organization\"],\"@id\":\"https:\\\/\\\/nephara.eu\\\/#\\\/schema\\\/person\\\/5c4c12ea00371a362408b6ed940ee17e\",\"name\":\"Nephara\",\"image\":{\"@type\":\"ImageObject\",\"inLanguage\":\"fr-FR\",\"@id\":\"https:\\\/\\\/secure.gravatar.com\\\/avatar\\\/46742ec76535e9d3e8a4dcfd763c990dae9d948a17250612016d7593fd83cbee?s=96&d=mm&r=g\",\"url\":\"https:\\\/\\\/secure.gravatar.com\\\/avatar\\\/46742ec76535e9d3e8a4dcfd763c990dae9d948a17250612016d7593fd83cbee?s=96&d=mm&r=g\",\"contentUrl\":\"https:\\\/\\\/secure.gravatar.com\\\/avatar\\\/46742ec76535e9d3e8a4dcfd763c990dae9d948a17250612016d7593fd83cbee?s=96&d=mm&r=g\",\"caption\":\"Nephara\"},\"logo\":{\"@id\":\"https:\\\/\\\/secure.gravatar.com\\\/avatar\\\/46742ec76535e9d3e8a4dcfd763c990dae9d948a17250612016d7593fd83cbee?s=96&d=mm&r=g\"},\"description\":\"Dessinateur de BD , Illustrateur , Mangaka , Webmaster n\u00e9 en 1976 en Belgique. Crayonneur du dimanche, Illustrateur en Quart-Temps, Peintre de nuit, Sculpteur de... euh bah \u00e7a faudrait que je mis remette. Papa \u00e0 plein temps et artiste les heures qu'il me reste.\",\"sameAs\":[\"https:\\\/\\\/nephara.eu\",\"https:\\\/\\\/www.facebook.com\\\/Nephara\",\"https:\\\/\\\/www.instagram.com\\\/nephara\\\/\",\"https:\\\/\\\/x.com\\\/JimNephara\",\"https:\\\/\\\/myspace.com\\\/euryxis\"]}]}<\/script>\n<!-- \/ Yoast SEO plugin. -->","yoast_head_json":{"title":"Twitch : Nephara","robots":{"index":"index","follow":"follow","max-snippet":"max-snippet:-1","max-image-preview":"max-image-preview:large","max-video-preview":"max-video-preview:-1"},"canonical":"https:\/\/nephara.eu\/index.php\/twitch-2\/","og_locale":"fr_FR","og_type":"article","og_title":"Twitch : Nephara","og_url":"https:\/\/nephara.eu\/index.php\/twitch-2\/","og_site_name":"Nephara","article_publisher":"https:\/\/www.facebook.com\/Nephara","twitter_card":"summary_large_image","twitter_site":"@JimNephara","schema":{"@context":"https:\/\/schema.org","@graph":[{"@type":"WebPage","@id":"https:\/\/nephara.eu\/index.php\/twitch-2\/","url":"https:\/\/nephara.eu\/index.php\/twitch-2\/","name":"Twitch : Nephara","isPartOf":{"@id":"https:\/\/nephara.eu\/#website"},"datePublished":"2021-10-07T20:23:39+00:00","breadcrumb":{"@id":"https:\/\/nephara.eu\/index.php\/twitch-2\/#breadcrumb"},"inLanguage":"fr-FR","potentialAction":[{"@type":"ReadAction","target":["https:\/\/nephara.eu\/index.php\/twitch-2\/"]}]},{"@type":"BreadcrumbList","@id":"https:\/\/nephara.eu\/index.php\/twitch-2\/#breadcrumb","itemListElement":[{"@type":"ListItem","position":1,"name":"Accueil","item":"https:\/\/nephara.eu\/"},{"@type":"ListItem","position":2,"name":"Twitch"}]},{"@type":"WebSite","@id":"https:\/\/nephara.eu\/#website","url":"https:\/\/nephara.eu\/","name":"Nephara","description":"Fouttoir Artistique de Nephara","publisher":{"@id":"https:\/\/nephara.eu\/#\/schema\/person\/5c4c12ea00371a362408b6ed940ee17e"},"potentialAction":[{"@type":"SearchAction","target":{"@type":"EntryPoint","urlTemplate":"https:\/\/nephara.eu\/?s={search_term_string}"},"query-input":{"@type":"PropertyValueSpecification","valueRequired":true,"valueName":"search_term_string"}}],"inLanguage":"fr-FR"},{"@type":["Person","Organization"],"@id":"https:\/\/nephara.eu\/#\/schema\/person\/5c4c12ea00371a362408b6ed940ee17e","name":"Nephara","image":{"@type":"ImageObject","inLanguage":"fr-FR","@id":"https:\/\/secure.gravatar.com\/avatar\/46742ec76535e9d3e8a4dcfd763c990dae9d948a17250612016d7593fd83cbee?s=96&d=mm&r=g","url":"https:\/\/secure.gravatar.com\/avatar\/46742ec76535e9d3e8a4dcfd763c990dae9d948a17250612016d7593fd83cbee?s=96&d=mm&r=g","contentUrl":"https:\/\/secure.gravatar.com\/avatar\/46742ec76535e9d3e8a4dcfd763c990dae9d948a17250612016d7593fd83cbee?s=96&d=mm&r=g","caption":"Nephara"},"logo":{"@id":"https:\/\/secure.gravatar.com\/avatar\/46742ec76535e9d3e8a4dcfd763c990dae9d948a17250612016d7593fd83cbee?s=96&d=mm&r=g"},"description":"Dessinateur de BD , Illustrateur , Mangaka , Webmaster n\u00e9 en 1976 en Belgique. Crayonneur du dimanche, Illustrateur en Quart-Temps, Peintre de nuit, Sculpteur de... euh bah \u00e7a faudrait que je mis remette. Papa \u00e0 plein temps et artiste les heures qu'il me reste.","sameAs":["https:\/\/nephara.eu","https:\/\/www.facebook.com\/Nephara","https:\/\/www.instagram.com\/nephara\/","https:\/\/x.com\/JimNephara","https:\/\/myspace.com\/euryxis"]}]}},"_links":{"self":[{"href":"https:\/\/nephara.eu\/index.php\/wp-json\/wp\/v2\/pages\/202","targetHints":{"allow":["GET"]}}],"collection":[{"href":"https:\/\/nephara.eu\/index.php\/wp-json\/wp\/v2\/pages"}],"about":[{"href":"https:\/\/nephara.eu\/index.php\/wp-json\/wp\/v2\/types\/page"}],"author":[{"embeddable":true,"href":"https:\/\/nephara.eu\/index.php\/wp-json\/wp\/v2\/users\/1"}],"replies":[{"embeddable":true,"href":"https:\/\/nephara.eu\/index.php\/wp-json\/wp\/v2\/comments?post=202"}],"version-history":[{"count":1,"href":"https:\/\/nephara.eu\/index.php\/wp-json\/wp\/v2\/pages\/202\/revisions"}],"predecessor-version":[{"id":203,"href":"https:\/\/nephara.eu\/index.php\/wp-json\/wp\/v2\/pages\/202\/revisions\/203"}],"wp:attachment":[{"href":"https:\/\/nephara.eu\/index.php\/wp-json\/wp\/v2\/media?parent=202"}],"curies":[{"name":"wp","href":"https:\/\/api.w.org\/{rel}","templated":true}]}}